{"id":78,"date":"2022-11-24T15:56:29","date_gmt":"2022-11-24T14:56:29","guid":{"rendered":"https:\/\/a2zdistribution.staging.piment.io\/?page_id=78"},"modified":"2024-04-26T09:53:35","modified_gmt":"2024-04-26T07:53:35","slug":"serre-agricole-sur-mesure","status":"publish","type":"page","link":"https:\/\/a2zdistribution.staging.piment.io\/en\/serre-agricole-sur-mesure\/","title":{"rendered":"Greenhouse custom"},"content":{"rendered":"<section id=\"hero-image-block_6391c1b2b3918\" class=\"hero-image py-8 bg-secondary-cream\">\n    <div class=\"relative lg:my-24\">\n        <div class=\"container grid lg:grid-cols-2 gap-x-8 gap-y-8 items-stretch\">\n            \n<div class=\"lg:order-last\">\n  <div >\n    <!-- TAG (Optionnal) -->\n          <span class=\"h3 tracking-widest uppercase font-bold text-primary-green\">Our products<\/span>\n      \n    <!-- TITLE -->\n    <h2 class=\"mt-2.5 mb-5 font-bold text-primary-dark-green\">Greenhouse custom<\/h2>\n    \n      <\/div>\n\n      <!-- SUBTITLE -->\n    <div class=\"p-0 text-greyscale\/700\"><p>Une serre sur mesure est une structure qui est con\u00e7ue et fabriqu\u00e9e pour r\u00e9pondre aux besoins sp\u00e9cifiques de vos cultures.  Elle est utilis\u00e9e pour prot\u00e9ger les cultures contre les intemp\u00e9ries et pour cr\u00e9er un environnement de croissance optimal pour vos plantes.<\/p>\n<\/div>\n    \n  <!-- CTA (Optionnal) -->\n  \n<a class=\"btn btn-arrow uppercase block w-fit mt-10 nowrap\"\nhref=\"https:\/\/a2zdistribution.staging.piment.io\/en\/estimer-un-projet\/\">\n  Estimer votre projet<\/a><\/div>            <div><\/div>\n        <\/div>\n        <div class=\"hero-image-bg relative lg:absolute w-full h-[45vh] top-0 left-0\">\n            <div class=\"w-full h-full\">\n                <img width=\"2560\" height=\"1920\" src=\"https:\/\/a2zdistribution.staging.piment.io\/app\/uploads\/2023\/09\/IMG_2465-scaled.jpg\" class=\"object-cover h-full w-full overflow-hidden object-center rounded-tr-xl\" alt=\"\" decoding=\"async\" loading=\"lazy\" srcset=\"https:\/\/a2zdistribution.staging.piment.io\/app\/uploads\/2023\/09\/IMG_2465-scaled.jpg 2560w, https:\/\/a2zdistribution.staging.piment.io\/app\/uploads\/2023\/09\/IMG_2465-300x225.jpg 300w, https:\/\/a2zdistribution.staging.piment.io\/app\/uploads\/2023\/09\/IMG_2465-1024x768.jpg 1024w, https:\/\/a2zdistribution.staging.piment.io\/app\/uploads\/2023\/09\/IMG_2465-768x576.jpg 768w, https:\/\/a2zdistribution.staging.piment.io\/app\/uploads\/2023\/09\/IMG_2465-1536x1152.jpg 1536w, https:\/\/a2zdistribution.staging.piment.io\/app\/uploads\/2023\/09\/IMG_2465-2048x1536.jpg 2048w, https:\/\/a2zdistribution.staging.piment.io\/app\/uploads\/2023\/09\/IMG_2465-16x12.jpg 16w\" sizes=\"(max-width: 2560px) 100vw, 2560px\" \/>            <\/div>\n        <\/div>\n    <\/div>\n<\/section>\n\n\n\n<section id=\"content-overflow-block_6393583839087\" class=\"content-overflow-bloc  overflow-hidden\">\n    <!--CONTAINER-->\n    <div class=\"container mx-auto grid md:grid-cols-3 py-12 gap-10 items-stretch\">\n\n        <div class=\"h-fit md:col-span-1 justify-self-stretch\">\n                            <!--TITLE-->\n                <h2 class=\"md:text-4xl text-primary-dark-green font-bold mb-5 p-0\">Fabrication fran\u00e7aise<\/h2>\n                                        <!--SUBTITLE-->\n                <div class=\"text-base p-0 text-greyscale\/700\"><p>Apr\u00e8s des ann\u00e9es \u00e0 commercialiser des serres italiennes, nous avons souhait\u00e9 nous lancer dans la production MADE IN FRANCE. Ceci dans un souci de r\u00e9duction du co\u00fbt du transport et d\u2019une meilleure maitrise de la qualit\u00e9.<br \/>\n<br \/>\nImplant\u00e9s dans le Lot &#038; Garonne depuis toujours, nous avons souhait\u00e9 monter ce projet dans notre d\u00e9partement, sur la commune de Layrac.<\/p>\n<\/div>\n                    <\/div>\n\n        <!-- CONTAINER IMAGE -->\n        <div class=\"row-start-1 md:row-auto md:col-span-2 w-full\">\n            <div class=\"flex items-center h-[35vh] md:h-full gap-6 w-[280%] md:w-[220%] lg:w-[150%] xl:w-[120%]\">\n\n                                    <!-- DIV IMAGE -->\n                        <div class=\"h-full overflow-hidden w-1\/2 relative overflow-hidden\">\n                            <img width=\"2560\" height=\"1440\" src=\"https:\/\/a2zdistribution.staging.piment.io\/app\/uploads\/2023\/09\/dji_fly_20220923_165836_38_1663945147389_photo_optimized-scaled.jpeg\" class=\"absolute h-full w-full object-cover object-center rounded-xl\" alt=\"\" decoding=\"async\" loading=\"lazy\" srcset=\"https:\/\/a2zdistribution.staging.piment.io\/app\/uploads\/2023\/09\/dji_fly_20220923_165836_38_1663945147389_photo_optimized-scaled.jpeg 2560w, https:\/\/a2zdistribution.staging.piment.io\/app\/uploads\/2023\/09\/dji_fly_20220923_165836_38_1663945147389_photo_optimized-300x169.jpeg 300w, https:\/\/a2zdistribution.staging.piment.io\/app\/uploads\/2023\/09\/dji_fly_20220923_165836_38_1663945147389_photo_optimized-1024x576.jpeg 1024w, https:\/\/a2zdistribution.staging.piment.io\/app\/uploads\/2023\/09\/dji_fly_20220923_165836_38_1663945147389_photo_optimized-768x432.jpeg 768w, https:\/\/a2zdistribution.staging.piment.io\/app\/uploads\/2023\/09\/dji_fly_20220923_165836_38_1663945147389_photo_optimized-1536x864.jpeg 1536w, https:\/\/a2zdistribution.staging.piment.io\/app\/uploads\/2023\/09\/dji_fly_20220923_165836_38_1663945147389_photo_optimized-2048x1152.jpeg 2048w, https:\/\/a2zdistribution.staging.piment.io\/app\/uploads\/2023\/09\/dji_fly_20220923_165836_38_1663945147389_photo_optimized-18x10.jpeg 18w\" sizes=\"(max-width: 2560px) 100vw, 2560px\" \/>                        <\/div>\n                                    <!-- DIV IMAGE -->\n                        <div class=\"h-full overflow-hidden w-1\/2 relative overflow-hidden\">\n                            <img width=\"2560\" height=\"1440\" src=\"https:\/\/a2zdistribution.staging.piment.io\/app\/uploads\/2023\/09\/dji_fly_20221028_092518_84_1666942214126_photo_optimized-scaled.jpeg\" class=\"absolute h-full w-full object-cover object-center rounded-xl\" alt=\"\" decoding=\"async\" loading=\"lazy\" srcset=\"https:\/\/a2zdistribution.staging.piment.io\/app\/uploads\/2023\/09\/dji_fly_20221028_092518_84_1666942214126_photo_optimized-scaled.jpeg 2560w, https:\/\/a2zdistribution.staging.piment.io\/app\/uploads\/2023\/09\/dji_fly_20221028_092518_84_1666942214126_photo_optimized-300x169.jpeg 300w, https:\/\/a2zdistribution.staging.piment.io\/app\/uploads\/2023\/09\/dji_fly_20221028_092518_84_1666942214126_photo_optimized-1024x576.jpeg 1024w, https:\/\/a2zdistribution.staging.piment.io\/app\/uploads\/2023\/09\/dji_fly_20221028_092518_84_1666942214126_photo_optimized-768x432.jpeg 768w, https:\/\/a2zdistribution.staging.piment.io\/app\/uploads\/2023\/09\/dji_fly_20221028_092518_84_1666942214126_photo_optimized-1536x864.jpeg 1536w, https:\/\/a2zdistribution.staging.piment.io\/app\/uploads\/2023\/09\/dji_fly_20221028_092518_84_1666942214126_photo_optimized-2048x1152.jpeg 2048w, https:\/\/a2zdistribution.staging.piment.io\/app\/uploads\/2023\/09\/dji_fly_20221028_092518_84_1666942214126_photo_optimized-18x10.jpeg 18w\" sizes=\"(max-width: 2560px) 100vw, 2560px\" \/>                        <\/div>\n                                    <!-- DIV IMAGE -->\n                        <div class=\"h-full overflow-hidden w-1\/2 relative overflow-hidden\">\n                            <img width=\"2560\" height=\"1440\" src=\"https:\/\/a2zdistribution.staging.piment.io\/app\/uploads\/2023\/09\/dji_fly_20221028_093128_90_1666942374008_photo_optimized-scaled.jpeg\" class=\"absolute h-full w-full object-cover object-center rounded-xl\" alt=\"\" decoding=\"async\" loading=\"lazy\" srcset=\"https:\/\/a2zdistribution.staging.piment.io\/app\/uploads\/2023\/09\/dji_fly_20221028_093128_90_1666942374008_photo_optimized-scaled.jpeg 2560w, https:\/\/a2zdistribution.staging.piment.io\/app\/uploads\/2023\/09\/dji_fly_20221028_093128_90_1666942374008_photo_optimized-300x169.jpeg 300w, https:\/\/a2zdistribution.staging.piment.io\/app\/uploads\/2023\/09\/dji_fly_20221028_093128_90_1666942374008_photo_optimized-1024x576.jpeg 1024w, https:\/\/a2zdistribution.staging.piment.io\/app\/uploads\/2023\/09\/dji_fly_20221028_093128_90_1666942374008_photo_optimized-768x432.jpeg 768w, https:\/\/a2zdistribution.staging.piment.io\/app\/uploads\/2023\/09\/dji_fly_20221028_093128_90_1666942374008_photo_optimized-1536x864.jpeg 1536w, https:\/\/a2zdistribution.staging.piment.io\/app\/uploads\/2023\/09\/dji_fly_20221028_093128_90_1666942374008_photo_optimized-2048x1152.jpeg 2048w, https:\/\/a2zdistribution.staging.piment.io\/app\/uploads\/2023\/09\/dji_fly_20221028_093128_90_1666942374008_photo_optimized-18x10.jpeg 18w\" sizes=\"(max-width: 2560px) 100vw, 2560px\" \/>                        <\/div>\n            \n            <\/div>\n        <\/div>\n    <\/div>\n<\/section>\n\n\n<section id=\"title-column-block_6391c8545d9e7\" class=\"title-column-bloc  relative bg-center bg-cover\" style=\"color:#FAFFFA; background-image: url('https:\/\/a2zdistribution.staging.piment.io\/app\/uploads\/2023\/09\/PHOTO-2023-09-11-12-03-14-1-e1694440644264.jpg')\">\n            <!-- Opacity Layer -->\n        <div class=\"absolute bg-primary-dark-green\/80 top-0 left-0 w-full h-full z-0\"><\/div>\n        <!--CONTAINER-->\n    <div class=\"container mx-auto flex flex-col items-start z-10 relative  p-11\" style=\"color:#FAFFFA\">\n\n                    <!--TITLE-->\n            <h2 class=\"md:text-5xl font-bold mb-5 !leading-[4rem] z-10\" style=\"color: #FAFFFA\">Les avantages de nos serres sur-mesure<\/h2>\n                            <!--SUBTITLE-->\n            <div class=\"text-lg mb-5 z-10 w-full columns-2 gap-10 hidden md:block\"><p>&#8211; Contr\u00f4le de l&rsquo;environnement : Les serres sur-mesure permettent de cr\u00e9er un environnement de croissance optimal pour vos cultures, en contr\u00f4lant les facteurs tels que la temp\u00e9rature, l&rsquo;humidit\u00e9 et la luminosit\u00e9. Cela permet de cultiver des plantes qui ne peuvent pas pousser dans les conditions m\u00e9t\u00e9orologiques ext\u00e9rieures ou de prolonger la saison de croissance pour les plantes.<\/p>\n<p>&#8211; Prolongation de la saison de croissance : Les serres sur-mesure permettent de cultiver des plantes tout au long de l&rsquo;ann\u00e9e, en prot\u00e9geant les cultures des temp\u00e9ratures extr\u00eames et des intemp\u00e9ries. Cela peut augmenter les rendements et vous permet de proposer des produits frais toute l&rsquo;ann\u00e9e.<\/p>\n<p>&#8211; Production en circuit ferm\u00e9 : Les serres sur-mesure permettent de cr\u00e9er un environnement de croissance en circuit ferm\u00e9, ce qui permet de contr\u00f4ler les niveaux d&rsquo;irrigation et de fertilisation, de r\u00e9duire les pertes en eau et de limiter les besoins en pesticides.<\/p>\n<p>&#8211; Personnalisation : Les serres sur-mesure peuvent \u00eatre con\u00e7ues selon les besoins et les exigences sp\u00e9cifiques de chaque utilisateur. Elles peuvent \u00eatre fabriqu\u00e9es dans une vari\u00e9t\u00e9 de tailles et de formes, en utilisant diff\u00e9rents mat\u00e9riaux et \u00e9quipements.<\/p>\n<\/div>\n            <div class=\"flex flex-col block md:hidden\">\n                <span class=\"p1\"><p>&#8211; Contr\u00f4le de l&rsquo;environnement : Les serres sur-mesure permettent de cr\u00e9er un environnement de croissance optimal pour vos cultures, en contr\u00f4lant les facteurs tels que la temp\u00e9rature, l&rsquo;humidit\u00e9 et la luminosit\u00e9. Cela permet de cultiver des plantes qui ne peuvent pas pousser dans les conditions m\u00e9t\u00e9orologiques ext\u00e9rieures ou de prolonger la saison de croissance pour les plantes.<\/p>\n<p>&#8211; Prolongation de la saison de croissance : Les serres sur-mesure permettent de cultiver des plantes tout au long de l&rsquo;ann\u00e9e, en prot\u00e9geant les cultures des temp\u00e9ratures extr\u00eames et des intemp\u00e9ries. Cela peut augmenter les rendements et vous permet de proposer des produits frais toute l&rsquo;ann\u00e9e.<\/p>\n<p>&#8211; Production en circuit ferm\u00e9 : Les serres sur-mesure permettent de cr\u00e9er un environnement de croissance en circuit ferm\u00e9, ce qui permet de contr\u00f4ler les niveaux d&rsquo;irrigation et de fertilisation, de r\u00e9duire les pertes en eau et de limiter les besoins en pesticides.<\/p>\n<p>&#8211; Personnalisation : Les serres sur-mesure peuvent \u00eatre con\u00e7ues selon les besoins et les exigences sp\u00e9cifiques de chaque utilisateur. Elles peuvent \u00eatre fabriqu\u00e9es dans une vari\u00e9t\u00e9 de tailles et de formes, en utilisant diff\u00e9rents mat\u00e9riaux et \u00e9quipements.<\/p>\n<\/span><button class=\"more w-fit text-sm mt-6\">Lire la suite<\/button>\n            <\/div>\n            <\/div>\n    <script>\n        document.querySelectorAll('button.more').forEach(bttn=>{\n            bttn.dataset.state=0;\n            bttn.addEventListener('click',function(e){\n                let span=this.previousElementSibling;\n                span.dataset.tmp=span.textContent;\n                span.textContent=span.dataset.content;\n                span.dataset.content=span.dataset.tmp;\n\n                this.innerHTML=this.dataset.state==1 ? 'Lire la suite' : 'R\u00e9duire';\n                this.dataset.state=1-this.dataset.state;\n            })\n        });\n        document.querySelectorAll('span.p1').forEach(span=>{\n            span.dataset.content=span.textContent;\n            span.textContent=span.textContent.substr(0,400) + '...';\n        });\n    <\/script>\n<\/section>\n\n\n\n<section id=\"services-block_65157716f1a41\" class=\"services\">\n  <div class=\"container my-12 md:my-24\">\n    \n<div >\n  <div >\n    <!-- TAG (Optionnal) -->\n      \n    <!-- TITLE -->\n    <h2 class=\"mt-2.5 mb-5 font-bold text-primary-dark-green\">Equipements pour am\u00e9nagements sous serres<\/h2>\n    \n      <\/div>\n\n    \n  <!-- CTA (Optionnal) -->\n  <\/div>    \n<div class=\"grid grid-cols-1 md:grid-cols-2 gap-5 mt-10\">\n          <a href=\"\">\n      <div class=\"grid grid-cols-1 lg:grid-cols-6 lg-to-hd:grid-cols-8 py-8 px-11  rounded-xl w-fit h-full relative\">\n        <div class=\"flex items-center justify-center hd:justify-start mt-5 lg:mt-0 order-last lg:order-1 lg:col-span-1 lg-to-hd:col-span-2 z-20\">\n          <svg width=\"51\" height=\"51\" viewbox=\"0 0 51 51\" fill=\"none\" xmlns=\"http:\/\/www.w3.org\/2000\/svg\" class=\"bg-primary-dark-green\/[0.15] rounded-full\">\n  <path fill-rule=\"evenodd\" clip-rule=\"evenodd\" d=\"M25.5 11C26.644 11 27.5714 11.9274 27.5714 13.0714V23.4286H37.9286C39.0726 23.4286 40 24.356 40 25.5C40 26.644 39.0726 27.5714 37.9286 27.5714H27.5714V37.9286C27.5714 39.0726 26.644 40 25.5 40C24.356 40 23.4286 39.0726 23.4286 37.9286V27.5714H13.0714C11.9274 27.5714 11 26.644 11 25.5C11 24.356 11.9274 23.4286 13.0714 23.4286L23.4286 23.4286V13.0714C23.4286 11.9274 24.356 11 25.5 11Z\" class=\"fill-primary-dark-green\"  \/>\n  <rect x=\"1\" y=\"1\" width=\"49\" height=\"49\" rx=\"24.5\" stroke-width=\"2\" class=\"stroke-primary-dark-green\" \/>\n<\/svg>\n        <\/div>\n        <div class=\"relative w-full lg:order-2 lg:col-span-5 lg-to-hd:col-span-6 z-20\">\n          <h2 class=\"text-primary-dark-green font-bold mb-5\">Air Pot hors sol<\/h2>\n          <div class=\"p-0 text-greyscale\/700\"><p>La syst\u00e8me de plantation en air pot comporte de nombreux avantages :<\/p>\n<p>&#8211; meilleur drainage<br \/>\n<br \/>\n&#8211; augmentation du renouvellement racinaire<br \/>\n<br \/>\n&#8211; r\u00e9duire le volume de substrat<br \/>\n<br \/>\n&#8211; \u00e9conomie d&rsquo;eau<br \/>\n<br \/>\n&#8211; \u00e9limine les probl\u00e8mes li\u00e9s au sol<br \/>\n<br \/>\n&#8211; gain de pr\u00e9cocit\u00e9<br \/>\n<br \/>\n&#8211; augmentation de rendement <\/p>\n<\/div>\n        <\/div>\n                  <div class=\"absolute object-cover w-full h-full z-0 rounded-xl\" style=\"background:url('https:\/\/a2zdistribution.staging.piment.io\/app\/uploads\/2023\/09\/AIR-POT.png') 50% 50% no-repeat\"><\/div>\n          <div class=\"absolute object-cover w-full h-full z-10 rounded-xl bg-secondary-cream\/[0.85]\"><\/div>\n              <\/div>\n    <\/a>\n          <a href=\"\">\n      <div class=\"grid grid-cols-1 lg:grid-cols-6 lg-to-hd:grid-cols-8 py-8 px-11  rounded-xl w-fit h-full relative\">\n        <div class=\"flex items-center justify-center hd:justify-start mt-5 lg:mt-0 order-last lg:order-1 lg:col-span-1 lg-to-hd:col-span-2 z-20\">\n          <svg width=\"51\" height=\"51\" viewbox=\"0 0 51 51\" fill=\"none\" xmlns=\"http:\/\/www.w3.org\/2000\/svg\" class=\"bg-primary-dark-green\/[0.15] rounded-full\">\n  <path fill-rule=\"evenodd\" clip-rule=\"evenodd\" d=\"M25.5 11C26.644 11 27.5714 11.9274 27.5714 13.0714V23.4286H37.9286C39.0726 23.4286 40 24.356 40 25.5C40 26.644 39.0726 27.5714 37.9286 27.5714H27.5714V37.9286C27.5714 39.0726 26.644 40 25.5 40C24.356 40 23.4286 39.0726 23.4286 37.9286V27.5714H13.0714C11.9274 27.5714 11 26.644 11 25.5C11 24.356 11.9274 23.4286 13.0714 23.4286L23.4286 23.4286V13.0714C23.4286 11.9274 24.356 11 25.5 11Z\" class=\"fill-primary-dark-green\"  \/>\n  <rect x=\"1\" y=\"1\" width=\"49\" height=\"49\" rx=\"24.5\" stroke-width=\"2\" class=\"stroke-primary-dark-green\" \/>\n<\/svg>\n        <\/div>\n        <div class=\"relative w-full lg:order-2 lg:col-span-5 lg-to-hd:col-span-6 z-20\">\n          <h2 class=\"text-primary-dark-green font-bold mb-5\">Irrigation Floppy System<\/h2>\n          <div class=\"p-0 text-greyscale\/700\"><p>Le syst\u00e8me d&rsquo;irrigation FLOPPY Sprinkler souple, offre une solution aux probl\u00e8mes mondiaux li\u00e9s \u00e0 la consommation d&rsquo;eau. Une \u00e9volution de la technologie d&rsquo;irrigation avec un applicateur de pr\u00e9cision simulant la PLUIE.<br \/>\n<br \/>\nCette technologie novatrice assure l\u2019application efficace de l\u2019eau dans diverses industries : agriculture, terrains de golf, am\u00e9nagements paysagers, p\u00e9pini\u00e8res, nettoyages des panneaux solaires, contr\u00f4les de la poussi\u00e8re&#8230;<\/p>\n<\/div>\n        <\/div>\n                  <div class=\"absolute object-cover w-full h-full z-0 rounded-xl\" style=\"background:url('https:\/\/a2zdistribution.staging.piment.io\/app\/uploads\/2023\/09\/PHOTO-1.png') 50% 50% no-repeat\"><\/div>\n          <div class=\"absolute object-cover w-full h-full z-10 rounded-xl bg-secondary-cream\/[0.85]\"><\/div>\n              <\/div>\n    <\/a>\n  <\/div>  <\/div>\n<\/section>\n\n\n\n<section id=\"cta-block_6391c249b3925\" class=\"cta-bloc text-greyscale\/0 container mx-auto py-12\">\n    <!--CONTAINER CTA-->\n    <div class=\"flex flex-col items-start md:items-center relative rounded-lg bg-center bg-cover p-11 overflow-hidden\" style=\"background-image: url('https:\/\/a2zdistribution.staging.piment.io\/app\/uploads\/2023\/09\/20230523_152231-scaled-e1694440759934.jpg')\">\n        <!-- Opacity Layer -->\n        <div class=\"absolute bg-primary-dark-green\/80 top-0 left-0 w-full h-full z-0\"><\/div>\n                    <!--TITLE-->\n            <h2 class=\"md:text-3xl !leading-10 font-bold mb-5 z-10\">Vous avez un projet de serre ? <\/h2>\n                            <!--SUBTITLE-->\n            <div class=\"text-lg mb-5 z-10 text-left md:text-center w-full md:w-3\/4\"><p>Contactez-nous. Notre \u00e9quipe se fera un plaisir de vous accompagner dans votre projet en vous apportant son savoir-faire.<\/p>\n<\/div>\n                <!--CTA-->\n        \n<a class=\"btn btn-arrow z-10 uppercase w-fit bg-primary-clear-green nowrap\"\nhref=\"https:\/\/a2zdistribution.staging.piment.io\/en\/estimer-un-projet\/\">\n  Estimer un projet<\/a>    <\/div>\n<\/section>","protected":false},"excerpt":{"rendered":"","protected":false},"author":1,"featured_media":729,"parent":0,"menu_order":0,"comment_status":"closed","ping_status":"closed","template":"","meta":[],"acf":[],"_links":{"self":[{"href":"https:\/\/a2zdistribution.staging.piment.io\/en\/wp-json\/wp\/v2\/pages\/78"}],"collection":[{"href":"https:\/\/a2zdistribution.staging.piment.io\/en\/wp-json\/wp\/v2\/pages"}],"about":[{"href":"https:\/\/a2zdistribution.staging.piment.io\/en\/wp-json\/wp\/v2\/types\/page"}],"author":[{"embeddable":true,"href":"https:\/\/a2zdistribution.staging.piment.io\/en\/wp-json\/wp\/v2\/users\/1"}],"replies":[{"embeddable":true,"href":"https:\/\/a2zdistribution.staging.piment.io\/en\/wp-json\/wp\/v2\/comments?post=78"}],"version-history":[{"count":118,"href":"https:\/\/a2zdistribution.staging.piment.io\/en\/wp-json\/wp\/v2\/pages\/78\/revisions"}],"predecessor-version":[{"id":1487,"href":"https:\/\/a2zdistribution.staging.piment.io\/en\/wp-json\/wp\/v2\/pages\/78\/revisions\/1487"}],"wp:featuredmedia":[{"embeddable":true,"href":"https:\/\/a2zdistribution.staging.piment.io\/en\/wp-json\/wp\/v2\/media\/729"}],"wp:attachment":[{"href":"https:\/\/a2zdistribution.staging.piment.io\/en\/wp-json\/wp\/v2\/media?parent=78"}],"curies":[{"name":"wp","href":"https:\/\/api.w.org\/{rel}","templated":true}]}}