{"id":76,"date":"2022-11-24T15:56:21","date_gmt":"2022-11-24T14:56:21","guid":{"rendered":"https:\/\/a2zdistribution.staging.piment.io\/?page_id=76"},"modified":"2024-04-26T10:18:59","modified_gmt":"2024-04-26T08:18:59","slug":"notre-entreprise","status":"publish","type":"page","link":"https:\/\/a2zdistribution.staging.piment.io\/en\/notre-entreprise\/","title":{"rendered":"Our Company"},"content":{"rendered":"<section id=\"hero-presentation-block_638f3e7c8bebc\" class=\"hero-presentation-bloc\">\n  <div class=\"container my-12 md:my-24\">\n    <div class=\"grid grid-cols-1 lg:grid-cols-2 gap-8 items-stretch\">\n      \n<div class=\"h-fit\">\n  <div >\n    <!-- TAG (Optionnal) -->\n          <span class=\"h3 tracking-widest uppercase font-bold text-primary-green\">Qui sommes-nous<\/span>\n      \n    <!-- TITLE -->\n    <h2 class=\"mt-2.5 mb-5 font-bold lg:mb-10 lg:mt-1 h1 w-4\/5 text-primary-dark-green\">A2Z Distribution<\/h2>\n    \n      <\/div>\n\n      <!-- SUBTITLE -->\n    <div class=\"p-0 text-greyscale\/700\"><p>Nous sommes une entreprise familiale, sp\u00e9cialis\u00e9s dans la fabrication et la commercialisation de structures de protection pour le monde agricole : cultures mara\u00eech\u00e8res, arboricoles, viticoles, structures pare-gr\u00eale, serres, b\u00e2timents agricoles et de stockage.<\/p>\n<p>Nous produisons nos poteaux b\u00e9tons pr\u00e9contraints pour le palissage et le support de filets pare-gr\u00eale. Nous pouvons r\u00e9pondre aux besoins clients en mod\u00e9lisant et fabriquant des serres adapt\u00e9es.<\/p>\n<p>Nous travaillons en \u00e9troite collaboration avec nos fournisseurs pour trouver des solutions innovantes r\u00e9pondants aux \u00e9volutions culturales et climatiques.<\/p>\n<\/div>\n    \n  <!-- CTA (Optionnal) -->\n  <\/div>      <div class=\"relative h-[45vh] lg:h-auto\">\n                  <div class=\"absolute top-0 w-full\" style=\"height:calc(50%  - 15px);width:calc(100% - 30px);\">\n            <img width=\"2560\" height=\"1153\" src=\"https:\/\/a2zdistribution.staging.piment.io\/app\/uploads\/2023\/09\/20230523_154345-scaled.jpg\" class=\"object-cover h-full w-full overflow-hidden object-center rounded-tl-xl\" alt=\"\" decoding=\"async\" loading=\"lazy\" srcset=\"https:\/\/a2zdistribution.staging.piment.io\/app\/uploads\/2023\/09\/20230523_154345-scaled.jpg 2560w, https:\/\/a2zdistribution.staging.piment.io\/app\/uploads\/2023\/09\/20230523_154345-300x135.jpg 300w, https:\/\/a2zdistribution.staging.piment.io\/app\/uploads\/2023\/09\/20230523_154345-1024x461.jpg 1024w, https:\/\/a2zdistribution.staging.piment.io\/app\/uploads\/2023\/09\/20230523_154345-768x346.jpg 768w, https:\/\/a2zdistribution.staging.piment.io\/app\/uploads\/2023\/09\/20230523_154345-1536x692.jpg 1536w, https:\/\/a2zdistribution.staging.piment.io\/app\/uploads\/2023\/09\/20230523_154345-2048x922.jpg 2048w, https:\/\/a2zdistribution.staging.piment.io\/app\/uploads\/2023\/09\/20230523_154345-18x8.jpg 18w\" sizes=\"(max-width: 2560px) 100vw, 2560px\" \/>          <\/div>\n                  <div class=\"absolute bottom-0 right-0 w-full\" style=\"height:calc(50%  - 15px);width:calc(100% - 30px);\">\n            <img width=\"1024\" height=\"768\" src=\"https:\/\/a2zdistribution.staging.piment.io\/app\/uploads\/2023\/09\/IMG-20230622-WA0178.jpg\" class=\"object-cover h-full w-full overflow-hidden object-center rounded-br-xl\" alt=\"\" decoding=\"async\" loading=\"lazy\" srcset=\"https:\/\/a2zdistribution.staging.piment.io\/app\/uploads\/2023\/09\/IMG-20230622-WA0178.jpg 1024w, https:\/\/a2zdistribution.staging.piment.io\/app\/uploads\/2023\/09\/IMG-20230622-WA0178-300x225.jpg 300w, https:\/\/a2zdistribution.staging.piment.io\/app\/uploads\/2023\/09\/IMG-20230622-WA0178-768x576.jpg 768w, https:\/\/a2zdistribution.staging.piment.io\/app\/uploads\/2023\/09\/IMG-20230622-WA0178-16x12.jpg 16w\" sizes=\"(max-width: 1024px) 100vw, 1024px\" \/>          <\/div>\n              <\/div>\n    <\/div>\n  <\/div>\n<\/section>\n\n\n\n<section id=\"portrait-block_6391c6c9d1c2e\" class=\"portrait\">\n  <div class=\"container my-24 grid lg:grid-cols-3 gap-12 lg:gap-24 items-stretch\">\n    <div class=\"relative flex flex-col justify-center lg:h-auto lg:col-span-1 order-last lg:order-first\">\n      <div class=\"flex justify-center mb-5\"><div class=\"w-1\/3 aspect-square mb-6 mr-8\" style=\"\"><img width=\"264\" height=\"241\" src=\"https:\/\/a2zdistribution.staging.piment.io\/app\/uploads\/2022\/12\/photo-famille.png\" class=\"object-cover h-full w-full overflow-hidden object-center rounded-xl\" alt=\"\" decoding=\"async\" loading=\"lazy\" srcset=\"https:\/\/a2zdistribution.staging.piment.io\/app\/uploads\/2022\/12\/photo-famille.png 264w, https:\/\/a2zdistribution.staging.piment.io\/app\/uploads\/2022\/12\/photo-famille-13x12.png 13w\" sizes=\"(max-width: 264px) 100vw, 264px\" \/><\/div><div class=\"w-1\/3 aspect-square mt-6\" style=\"\"><img width=\"263\" height=\"240\" src=\"https:\/\/a2zdistribution.staging.piment.io\/app\/uploads\/2022\/12\/photo-famille-1.png\" class=\"object-cover h-full w-full overflow-hidden object-center rounded-xl\" alt=\"\" decoding=\"async\" loading=\"lazy\" srcset=\"https:\/\/a2zdistribution.staging.piment.io\/app\/uploads\/2022\/12\/photo-famille-1.png 263w, https:\/\/a2zdistribution.staging.piment.io\/app\/uploads\/2022\/12\/photo-famille-1-13x12.png 13w\" sizes=\"(max-width: 263px) 100vw, 263px\" \/><\/div><\/div><div class=\"flex justify-around\"><div class=\"w-1\/3 aspect-square\" style=\"\"><img width=\"500\" height=\"500\" src=\"https:\/\/a2zdistribution.staging.piment.io\/app\/uploads\/2023\/01\/photo-equipe-a2z-distribution_resized-1.jpg\" class=\"object-cover h-full w-full overflow-hidden object-center rounded-xl\" alt=\"\" decoding=\"async\" loading=\"lazy\" srcset=\"https:\/\/a2zdistribution.staging.piment.io\/app\/uploads\/2023\/01\/photo-equipe-a2z-distribution_resized-1.jpg 500w, https:\/\/a2zdistribution.staging.piment.io\/app\/uploads\/2023\/01\/photo-equipe-a2z-distribution_resized-1-300x300.jpg 300w, https:\/\/a2zdistribution.staging.piment.io\/app\/uploads\/2023\/01\/photo-equipe-a2z-distribution_resized-1-150x150.jpg 150w, https:\/\/a2zdistribution.staging.piment.io\/app\/uploads\/2023\/01\/photo-equipe-a2z-distribution_resized-1-12x12.jpg 12w\" sizes=\"(max-width: 500px) 100vw, 500px\" \/><\/div><\/div>    <\/div>\n    <div class=\"lg:col-span-2\">\n      \n<div >\n  <div >\n    <!-- TAG (Optionnal) -->\n      \n    <!-- TITLE -->\n    <h2 class=\"mt-2.5 mb-5 font-bold mt-0 text-primary-dark-green\">Une entreprise familiale \u00e0 l&rsquo;\u00e9coute de ses clients<\/h2>\n    \n      <\/div>\n\n    \n  <!-- CTA (Optionnal) -->\n  <\/div>      <div class=\"flex flex-col block md:hidden\">\n          <span class=\"p1\"><p>A2Z Distribution est une entreprise familiale fond\u00e9e en 2008 par Christian ZORZI, ancien mara\u00eecher devenu commercial dans l\u2019agriculture, il y a 25 ans. Il a \u00e9t\u00e9 rejoint par son \u00e9pouse Martine, qui a rapidement pris en charge les t\u00e2ches administratives et comptables. Plus tard, leur fille St\u00e9phanie a \u00e9galement rejoint l\u2019entreprise pour apporter un soutien commercial et technique. Sp\u00e9cialis\u00e9e dans la vente de syst\u00e8mes de protection pour les cultures maraich\u00e8res, arboricoles et viticoles, cette entreprise familiale est le fruit d\u2019une passion partag\u00e9e pour l\u2019agriculture.<\/p>\n<p>Chez A2Z Distribution, nous sommes fiers de notre engagement envers nos clients. Nous avons une \u00e9quipe d\u00e9vou\u00e9e, compos\u00e9e de collaborateurs qualifi\u00e9s et exp\u00e9riment\u00e9s. Nous sommes toujours \u00e0 l\u2019\u00e9coute pour comprendre les besoins sp\u00e9cifiques de nos clients : mara\u00eechers, arboriculteurs, viticulteurs&#8230; C\u2019est gr\u00e2ce \u00e0 cette qualit\u00e9 de service, que nous avons r\u00e9ussi \u00e0 construire une relation de confiance, qui fait notre force.<\/p>\n<\/span><button class=\"more w-fit text-sm mt-6\">Lire la suite<\/button>\n      <\/div>\n      <div class=\"columns-2 hidden md:block\"><p>A2Z Distribution est une entreprise familiale fond\u00e9e en 2008 par Christian ZORZI, ancien mara\u00eecher devenu commercial dans l\u2019agriculture, il y a 25 ans. Il a \u00e9t\u00e9 rejoint par son \u00e9pouse Martine, qui a rapidement pris en charge les t\u00e2ches administratives et comptables. Plus tard, leur fille St\u00e9phanie a \u00e9galement rejoint l\u2019entreprise pour apporter un soutien commercial et technique. Sp\u00e9cialis\u00e9e dans la vente de syst\u00e8mes de protection pour les cultures maraich\u00e8res, arboricoles et viticoles, cette entreprise familiale est le fruit d\u2019une passion partag\u00e9e pour l\u2019agriculture.<\/p>\n<p>Chez A2Z Distribution, nous sommes fiers de notre engagement envers nos clients. Nous avons une \u00e9quipe d\u00e9vou\u00e9e, compos\u00e9e de collaborateurs qualifi\u00e9s et exp\u00e9riment\u00e9s. Nous sommes toujours \u00e0 l\u2019\u00e9coute pour comprendre les besoins sp\u00e9cifiques de nos clients : mara\u00eechers, arboriculteurs, viticulteurs&#8230; C\u2019est gr\u00e2ce \u00e0 cette qualit\u00e9 de service, que nous avons r\u00e9ussi \u00e0 construire une relation de confiance, qui fait notre force.<\/p>\n<\/div>\n    <\/div>\n  <\/div>\n    <script>\n            document.querySelectorAll('button.more').forEach(bttn=>{\n                bttn.dataset.state=0;\n                bttn.addEventListener('click',function(e){\n                    let span=this.previousElementSibling;\n                    span.dataset.tmp=span.textContent;\n                    span.textContent=span.dataset.content;\n                    span.dataset.content=span.dataset.tmp;\n\n                    this.innerHTML=this.dataset.state==1 ? 'Lire la suite' : 'R\u00e9duire';\n                    this.dataset.state=1-this.dataset.state;\n                })\n            });\n            document.querySelectorAll('span.p1').forEach(span=>{\n                span.dataset.content=span.textContent;\n                span.textContent=span.textContent.substr(0,200) + '...';\n            });\n    <\/script>\n<\/section>\n\n\n\n<section id=\"cta-block_638f3eb68bebd\" class=\"cta-bloc text-greyscale\/0 container mx-auto py-12\">\n    <!--CONTAINER CTA-->\n    <div class=\"flex flex-col items-start md:items-center relative rounded-lg bg-center bg-cover p-11 overflow-hidden\" style=\"background-image: url('')\">\n        <!-- Opacity Layer -->\n        <div class=\"absolute bg-primary-dark-green\/80 top-0 left-0 w-full h-full z-0\"><\/div>\n                    <!--TITLE-->\n            <h2 class=\"md:text-3xl !leading-10 font-bold mb-5 z-10\">D\u00e9couvrez nos produits<\/h2>\n                            <!--SUBTITLE-->\n            <div class=\"text-lg mb-5 z-10 text-left md:text-center w-full md:w-3\/4\"><p>Nous sommes aujourd\u2019hui un acteur incontournable dans la fabrication de structures de palissage, de filet pare-gr\u00eale et technique ou encore de serre sur-mesure. Notre s\u00e9lection de produits est con\u00e7ue pour r\u00e9pondre de mani\u00e8re efficace \u00e0 vos besoins en s\u2019adaptant \u00e0 vos m\u00e9thodes de culture.<\/p>\n<\/div>\n                <!--CTA-->\n        \n<a class=\"btn btn-arrow z-10 uppercase w-fit bg-primary-clear-green nowrap\"\nhref=\"https:\/\/a2zdistribution.staging.piment.io\/en\/nos-produits\/\">\n  D\u00e9couvrir nos produits<\/a>    <\/div>\n<\/section>","protected":false},"excerpt":{"rendered":"","protected":false},"author":1,"featured_media":0,"parent":0,"menu_order":0,"comment_status":"closed","ping_status":"closed","template":"","meta":[],"acf":[],"_links":{"self":[{"href":"https:\/\/a2zdistribution.staging.piment.io\/en\/wp-json\/wp\/v2\/pages\/76"}],"collection":[{"href":"https:\/\/a2zdistribution.staging.piment.io\/en\/wp-json\/wp\/v2\/pages"}],"about":[{"href":"https:\/\/a2zdistribution.staging.piment.io\/en\/wp-json\/wp\/v2\/types\/page"}],"author":[{"embeddable":true,"href":"https:\/\/a2zdistribution.staging.piment.io\/en\/wp-json\/wp\/v2\/users\/1"}],"replies":[{"embeddable":true,"href":"https:\/\/a2zdistribution.staging.piment.io\/en\/wp-json\/wp\/v2\/comments?post=76"}],"version-history":[{"count":77,"href":"https:\/\/a2zdistribution.staging.piment.io\/en\/wp-json\/wp\/v2\/pages\/76\/revisions"}],"predecessor-version":[{"id":1482,"href":"https:\/\/a2zdistribution.staging.piment.io\/en\/wp-json\/wp\/v2\/pages\/76\/revisions\/1482"}],"wp:attachment":[{"href":"https:\/\/a2zdistribution.staging.piment.io\/en\/wp-json\/wp\/v2\/media?parent=76"}],"curies":[{"name":"wp","href":"https:\/\/api.w.org\/{rel}","templated":true}]}}