{"id":74,"date":"2022-11-24T15:56:10","date_gmt":"2022-11-24T14:56:10","guid":{"rendered":"https:\/\/a2zdistribution.staging.piment.io\/?page_id=74"},"modified":"2024-04-26T09:56:59","modified_gmt":"2024-04-26T07:56:59","slug":"structure-de-palissage-en-poteaux-beton","status":"publish","type":"page","link":"https:\/\/a2zdistribution.staging.piment.io\/en\/structure-de-palissage-en-poteaux-beton\/","title":{"rendered":"Concrete pole's structure"},"content":{"rendered":"<section id=\"hero-image-block_6391c1b2b3918\" class=\"hero-image py-8 bg-secondary-cream\">\n    <div class=\"relative lg:my-24\">\n        <div class=\"container grid lg:grid-cols-2 gap-x-8 gap-y-8 items-stretch\">\n            \n<div >\n  <div >\n    <!-- TAG (Optionnal) -->\n          <span class=\"h3 tracking-widest uppercase font-bold text-primary-green\">Our products<\/span>\n      \n    <!-- TITLE -->\n    <h2 class=\"mt-2.5 mb-5 font-bold text-primary-dark-green\">Concrete pole's structure <\/h2>\n    \n      <\/div>\n\n      <!-- SUBTITLE -->\n    <div class=\"p-0 text-greyscale\/700\"><p>Nous avons choisi de proposer des poteaux b\u00e9ton pr\u00e9contraint pour vos structures de palissage afin de vous offrir un produit pouvant r\u00e9sister \u00e0 l&rsquo;\u00e9preuve du temps.<br \/>\n<\/p>\n<p>La structure de palissage est un syst\u00e8me de support pour les arbres fruitiers \u00e0 conduire en haie fruiti\u00e8re. Cela permet d\u2019optimiser l\u2019espace et les rendements. <\/p>\n<p>Nous commercialisons des structures compl\u00e8tes : poteaux, c\u00e2bles, fils de fer, ancrages, tendeurs, chapeaux, filets&#8230;<br \/>\n<br \/>\nCertains de nos accessoires s&rsquo;adaptent sur le palissage en bois.<\/p>\n<p>Nous proposons tous types de filets, r\u00e9pondant \u00e0 vos diverses contraintes :<br \/>\n<br \/>\n\u2022 Pare-gr\u00eale<br \/>\n<br \/>\n\u2022 Brise-vent<br \/>\n<br \/>\n\u2022 Ombrage<br \/>\n<br \/>\n\u2022 Alt-Carpo<br \/>\n<br \/>\n\u2022 Anti-oiseau<\/p>\n<\/div>\n    \n  <!-- CTA (Optionnal) -->\n  \n<a class=\"btn btn-arrow uppercase block w-fit mt-10 nowrap\"\nhref=\"https:\/\/a2zdistribution.staging.piment.io\/en\/estimer-un-projet\/\">\n  Estimer votre projet<\/a><\/div>            <div><\/div>\n        <\/div>\n        <div class=\"hero-image-bg relative lg:absolute w-full h-[45vh] top-0 right-0\">\n            <div class=\"w-full h-full\">\n                <img width=\"1280\" height=\"960\" src=\"https:\/\/a2zdistribution.staging.piment.io\/app\/uploads\/2023\/09\/100_5416.jpg\" class=\"object-cover h-full w-full overflow-hidden object-center rounded-tl-xl\" alt=\"\" decoding=\"async\" loading=\"lazy\" srcset=\"https:\/\/a2zdistribution.staging.piment.io\/app\/uploads\/2023\/09\/100_5416.jpg 1280w, https:\/\/a2zdistribution.staging.piment.io\/app\/uploads\/2023\/09\/100_5416-300x225.jpg 300w, https:\/\/a2zdistribution.staging.piment.io\/app\/uploads\/2023\/09\/100_5416-1024x768.jpg 1024w, https:\/\/a2zdistribution.staging.piment.io\/app\/uploads\/2023\/09\/100_5416-768x576.jpg 768w, https:\/\/a2zdistribution.staging.piment.io\/app\/uploads\/2023\/09\/100_5416-16x12.jpg 16w\" sizes=\"(max-width: 1280px) 100vw, 1280px\" \/>            <\/div>\n        <\/div>\n    <\/div>\n<\/section>\n\n\n\n<section id=\"title-content-column-block_6515423b55a55\" class=\"title-content-column-bloc  py-12 relative bg-center bg-cover\" style=\"color:#FAFFFA; background-image: url('https:\/\/a2zdistribution.staging.piment.io\/app\/uploads\/2023\/01\/0650251001498558037.jpg')\">\n            <!-- Opacity Layer -->\n        <div class=\"absolute bg-primary-dark-green\/95 top-0 left-0 w-full h-full z-0\"><\/div>\n        <!--CONTAINER-->\n    <div class=\"container mx-auto flex flex-col\">\n\n        <!-- TITLE & SUBTITLE CONTAINER -->\n        <div class=\"flex flex-col\">\n                            <!--TITLE-->\n                <h2 class=\"text-3xl font-bold mb-5 !leading-10 z-10\" style=\"color: #FAFFFA\">Pourquoi choisir du poteau b\u00e9ton pr\u00e9contraint ? <\/h2>\n                                        <!--SUBTITLE-->\n                <div class=\"text-base mb-5 z-10 w-full\" style=\"color: #FAFFFA\"><p>Le poteau b\u00e9ton pr\u00e9contraint a une dur\u00e9e de vie illimit\u00e9e. Il est totalement possible de l&rsquo;arracher et le planter ailleurs. C&rsquo;est un produit inerte. Il ne pourrit pas. Il est RECYCLABLE!<br \/>\n<\/p>\n<p>La structure se monte comme un m\u00e9cano, toutes les pi\u00e8ces sont adapt\u00e9es aux sections des poteaux.<br \/>\n<\/p>\n<p>Il est important de noter que ce processus est r\u00e9alis\u00e9 par une \u00e9quipe d&rsquo;experts dans la manipulation et l&rsquo;utilisation de mat\u00e9riaux pr\u00e9contraints. Des tests de r\u00e9sistance, des inspections et des essais de qualit\u00e9 sont effectu\u00e9s pour s&rsquo;assurer que les structures respectent les normes de s\u00e9curit\u00e9 et de qualit\u00e9s requises.<\/p>\n<\/div>\n                    <\/div>\n        <ul class=\"grid md:grid-cols-3 md:gap-10 z-10\">\n                            <!-- MOBILE -->\n                <li x-data=\"{ expanded: false }\"\n                    class=\"my-4 pb-0.5 border-b-2 border-current transition duration-200 select-none cursor-pointer md:hidden block\"\n                    @click=\"expanded = !expanded;\"\n                    :class=\"{'border-transparent' : expanded}\"\n                    style=\"color: #FAFFFA\"\n                >\n                    <div class=\"cursor-pointer flex justify-between items-center gap-4\">\n                        <h5 class=\"font-bold text-lg !leading-6 relative\" style=\"color: #FAFFFA\" >\n                            Avantages :                        <\/h5>\n                        <svg class=\"duration-300 transform min-w-[14px]\" width=\"14\" height=\"14\"\n                             :class=\"{'rotate-45' : expanded}\"\n                             viewbox=\"0 0 14 14\" fill=\"none\" xmlns=\"http:\/\/www.w3.org\/2000\/svg\"\n                             style=\"color: #FAFFFA\"\n                        >\n                            <path d=\"M13 5.5H8.5V1C8.5 0.46875 8.03125 0 7.5 0H6.5C5.9375 0 5.5 0.46875 5.5 1V5.5H1C0.4375 5.5 0 5.96875 0 6.5V7.5C0 8.0625 0.4375 8.5 1 8.5H5.5V13C5.5 13.5625 5.9375 14 6.5 14H7.5C8.03125 14 8.5 13.5625 8.5 13V8.5H13C13.5312 8.5 14 8.0625 14 7.5V6.5C14 5.96875 13.5312 5.5 13 5.5Z\"\n                                  fill=\"currentColor\"\/>\n                        <\/svg>\n                    <\/div>\n                    <div x-show=\"expanded\" x-collapse.duration.300ms>\n                        <div class=\"mt-2\" style=\"color: #FAFFFA\">\n                            <p>&#8211; Dur\u00e9e de vie illimit\u00e9<br \/>\n<br \/>\n&#8211; Rapidit\u00e9 de montage<br \/>\n<br \/>\n&#8211; Ecologique<br \/>\n<br \/>\n&#8211; R\u00e9utilisable<br \/>\n<br \/>\n&#8211; Recyclable<\/p>\n                        <\/div>\n                    <\/div>\n                <\/li>\n\n                <!-- DESKTOP -->\n                <div class=\"flex flex-col hidden md:block\">\n                                        <p class=\"font-bold text-lg\" style=\"color: #FAFFFA\" > Avantages : <\/p>\n                                                            <div class=\"text-base\"><p>&#8211; Dur\u00e9e de vie illimit\u00e9<br \/>\n<br \/>\n&#8211; Rapidit\u00e9 de montage<br \/>\n<br \/>\n&#8211; Ecologique<br \/>\n<br \/>\n&#8211; R\u00e9utilisable<br \/>\n<br \/>\n&#8211; Recyclable<\/p>\n<\/div>\n                    \n                <\/div>\n                            <!-- MOBILE -->\n                <li x-data=\"{ expanded: false }\"\n                    class=\"my-4 pb-0.5 border-b-2 border-current transition duration-200 select-none cursor-pointer md:hidden block\"\n                    @click=\"expanded = !expanded;\"\n                    :class=\"{'border-transparent' : expanded}\"\n                    style=\"color: #FAFFFA\"\n                >\n                    <div class=\"cursor-pointer flex justify-between items-center gap-4\">\n                        <h5 class=\"font-bold text-lg !leading-6 relative\" style=\"color: #FAFFFA\" >\n                                                    <\/h5>\n                        <svg class=\"duration-300 transform min-w-[14px]\" width=\"14\" height=\"14\"\n                             :class=\"{'rotate-45' : expanded}\"\n                             viewbox=\"0 0 14 14\" fill=\"none\" xmlns=\"http:\/\/www.w3.org\/2000\/svg\"\n                             style=\"color: #FAFFFA\"\n                        >\n                            <path d=\"M13 5.5H8.5V1C8.5 0.46875 8.03125 0 7.5 0H6.5C5.9375 0 5.5 0.46875 5.5 1V5.5H1C0.4375 5.5 0 5.96875 0 6.5V7.5C0 8.0625 0.4375 8.5 1 8.5H5.5V13C5.5 13.5625 5.9375 14 6.5 14H7.5C8.03125 14 8.5 13.5625 8.5 13V8.5H13C13.5312 8.5 14 8.0625 14 7.5V6.5C14 5.96875 13.5312 5.5 13 5.5Z\"\n                                  fill=\"currentColor\"\/>\n                        <\/svg>\n                    <\/div>\n                    <div x-show=\"expanded\" x-collapse.duration.300ms>\n                        <div class=\"mt-2\" style=\"color: #FAFFFA\">\n                                                    <\/div>\n                    <\/div>\n                <\/li>\n\n                <!-- DESKTOP -->\n                <div class=\"flex flex-col hidden md:block\">\n                                        \n                <\/div>\n                            <!-- MOBILE -->\n                <li x-data=\"{ expanded: false }\"\n                    class=\"my-4 pb-0.5 border-b-2 border-current transition duration-200 select-none cursor-pointer md:hidden block\"\n                    @click=\"expanded = !expanded;\"\n                    :class=\"{'border-transparent' : expanded}\"\n                    style=\"color: #FAFFFA\"\n                >\n                    <div class=\"cursor-pointer flex justify-between items-center gap-4\">\n                        <h5 class=\"font-bold text-lg !leading-6 relative\" style=\"color: #FAFFFA\" >\n                                                    <\/h5>\n                        <svg class=\"duration-300 transform min-w-[14px]\" width=\"14\" height=\"14\"\n                             :class=\"{'rotate-45' : expanded}\"\n                             viewbox=\"0 0 14 14\" fill=\"none\" xmlns=\"http:\/\/www.w3.org\/2000\/svg\"\n                             style=\"color: #FAFFFA\"\n                        >\n                            <path d=\"M13 5.5H8.5V1C8.5 0.46875 8.03125 0 7.5 0H6.5C5.9375 0 5.5 0.46875 5.5 1V5.5H1C0.4375 5.5 0 5.96875 0 6.5V7.5C0 8.0625 0.4375 8.5 1 8.5H5.5V13C5.5 13.5625 5.9375 14 6.5 14H7.5C8.03125 14 8.5 13.5625 8.5 13V8.5H13C13.5312 8.5 14 8.0625 14 7.5V6.5C14 5.96875 13.5312 5.5 13 5.5Z\"\n                                  fill=\"currentColor\"\/>\n                        <\/svg>\n                    <\/div>\n                    <div x-show=\"expanded\" x-collapse.duration.300ms>\n                        <div class=\"mt-2\" style=\"color: #FAFFFA\">\n                                                    <\/div>\n                    <\/div>\n                <\/li>\n\n                <!-- DESKTOP -->\n                <div class=\"flex flex-col hidden md:block\">\n                                        \n                <\/div>\n                    <\/ul>\n\n    <\/div>\n<\/section>\n\n\n\n<section id=\"content-overflow-block_6393583839087\" class=\"content-overflow-bloc  overflow-hidden\">\n    <!--CONTAINER-->\n    <div class=\"container mx-auto grid md:grid-cols-3 py-12 gap-10 items-stretch\">\n\n        <div class=\"h-fit md:col-span-1 justify-self-stretch\">\n                            <!--TITLE-->\n                <h2 class=\"md:text-4xl text-primary-dark-green font-bold mb-5 p-0\">Fabrication fran\u00e7aise <\/h2>\n                                        <!--SUBTITLE-->\n                <div class=\"text-base p-0 text-greyscale\/700\"><p>Nous sommes \u00e9quip\u00e9s d\u2019une centrale \u00e0 b\u00e9ton et d\u2019une unit\u00e9 de production de 92 m\u00e8tres de long, produisant des poteaux b\u00e9tons pr\u00e9contraints.<\/p>\n<p>Il s\u2019agit de la seule unit\u00e9 de production en France !<\/p>\n<p>Cette derni\u00e8re est compos\u00e9e de 35 moules de section 7\u00d78 et 6 de section 10\u00d711.<\/p>\n<p>Ce qui repr\u00e9sente une production de 3,8 km de poteaux par jour.<\/p>\n<p>Ces poteaux sont destin\u00e9s au palissage de vergers et \u00e0 la tenue des filets pare-gr\u00eale.<\/p>\n<\/div>\n                    <\/div>\n\n        <!-- CONTAINER IMAGE -->\n        <div class=\"row-start-1 md:row-auto md:col-span-2 w-full\">\n            <div class=\"flex items-center h-[35vh] md:h-full gap-6 w-[280%] md:w-[220%] lg:w-[150%] xl:w-[120%]\">\n\n                                    <!-- DIV IMAGE -->\n                        <div class=\"h-full overflow-hidden w-1\/2 relative overflow-hidden\">\n                            <img width=\"946\" height=\"322\" src=\"https:\/\/a2zdistribution.staging.piment.io\/app\/uploads\/2023\/01\/0650251001498558037.jpg\" class=\"absolute h-full w-full object-cover object-center rounded-xl\" alt=\"\" decoding=\"async\" loading=\"lazy\" srcset=\"https:\/\/a2zdistribution.staging.piment.io\/app\/uploads\/2023\/01\/0650251001498558037.jpg 946w, https:\/\/a2zdistribution.staging.piment.io\/app\/uploads\/2023\/01\/0650251001498558037-300x102.jpg 300w, https:\/\/a2zdistribution.staging.piment.io\/app\/uploads\/2023\/01\/0650251001498558037-768x261.jpg 768w, https:\/\/a2zdistribution.staging.piment.io\/app\/uploads\/2023\/01\/0650251001498558037-18x6.jpg 18w\" sizes=\"(max-width: 946px) 100vw, 946px\" \/>                        <\/div>\n                                    <!-- DIV IMAGE -->\n                        <div class=\"h-full overflow-hidden w-1\/2 relative overflow-hidden\">\n                            <img width=\"4032\" height=\"3024\" src=\"https:\/\/a2zdistribution.staging.piment.io\/app\/uploads\/2023\/10\/LIGNE6.png\" class=\"absolute h-full w-full object-cover object-center rounded-xl\" alt=\"\" decoding=\"async\" loading=\"lazy\" srcset=\"https:\/\/a2zdistribution.staging.piment.io\/app\/uploads\/2023\/10\/LIGNE6.png 4032w, https:\/\/a2zdistribution.staging.piment.io\/app\/uploads\/2023\/10\/LIGNE6-300x225.png 300w, https:\/\/a2zdistribution.staging.piment.io\/app\/uploads\/2023\/10\/LIGNE6-1024x768.png 1024w, https:\/\/a2zdistribution.staging.piment.io\/app\/uploads\/2023\/10\/LIGNE6-768x576.png 768w, https:\/\/a2zdistribution.staging.piment.io\/app\/uploads\/2023\/10\/LIGNE6-1536x1152.png 1536w, https:\/\/a2zdistribution.staging.piment.io\/app\/uploads\/2023\/10\/LIGNE6-2048x1536.png 2048w, https:\/\/a2zdistribution.staging.piment.io\/app\/uploads\/2023\/10\/LIGNE6-16x12.png 16w\" sizes=\"(max-width: 4032px) 100vw, 4032px\" \/>                        <\/div>\n                                    <!-- DIV IMAGE -->\n                        <div class=\"h-full overflow-hidden w-1\/2 relative overflow-hidden\">\n                            <img width=\"768\" height=\"1024\" src=\"https:\/\/a2zdistribution.staging.piment.io\/app\/uploads\/2023\/10\/4b40289a-b796-4882-96be-29817fdb3541.jpg\" class=\"absolute h-full w-full object-cover object-center rounded-xl\" alt=\"\" decoding=\"async\" loading=\"lazy\" srcset=\"https:\/\/a2zdistribution.staging.piment.io\/app\/uploads\/2023\/10\/4b40289a-b796-4882-96be-29817fdb3541.jpg 768w, https:\/\/a2zdistribution.staging.piment.io\/app\/uploads\/2023\/10\/4b40289a-b796-4882-96be-29817fdb3541-225x300.jpg 225w, https:\/\/a2zdistribution.staging.piment.io\/app\/uploads\/2023\/10\/4b40289a-b796-4882-96be-29817fdb3541-9x12.jpg 9w\" sizes=\"(max-width: 768px) 100vw, 768px\" \/>                        <\/div>\n            \n            <\/div>\n        <\/div>\n    <\/div>\n<\/section>\n\n\n<section id=\"cta-block_6391c249b3925\" class=\"cta-bloc text-greyscale\/0 container mx-auto py-12\">\n    <!--CONTAINER CTA-->\n    <div class=\"flex flex-col items-start md:items-center relative rounded-lg bg-center bg-cover p-11 overflow-hidden\" style=\"background-image: url('https:\/\/a2zdistribution.staging.piment.io\/app\/uploads\/2023\/09\/IMG_3011-scaled.jpg')\">\n        <!-- Opacity Layer -->\n        <div class=\"absolute bg-primary-dark-green\/80 top-0 left-0 w-full h-full z-0\"><\/div>\n                    <!--TITLE-->\n            <h2 class=\"md:text-3xl !leading-10 font-bold mb-5 z-10\">Vous avez un projet de structure de palissage ? <\/h2>\n                            <!--SUBTITLE-->\n            <div class=\"text-lg mb-5 z-10 text-left md:text-center w-full md:w-3\/4\"><p>Contactez-nous. Notre \u00e9quipe se fera un plaisir de vous accompagner dans votre projet en vous apportant son savoir-faire.<\/p>\n<\/div>\n                <!--CTA-->\n        \n<a class=\"btn btn-arrow z-10 uppercase w-fit bg-primary-clear-green nowrap\"\nhref=\"https:\/\/a2zdistribution.staging.piment.io\/en\/estimer-un-projet\/\">\n  Estimer un projet<\/a>    <\/div>\n<\/section>","protected":false},"excerpt":{"rendered":"","protected":false},"author":1,"featured_media":859,"parent":0,"menu_order":0,"comment_status":"closed","ping_status":"closed","template":"","meta":[],"acf":[],"_links":{"self":[{"href":"https:\/\/a2zdistribution.staging.piment.io\/en\/wp-json\/wp\/v2\/pages\/74"}],"collection":[{"href":"https:\/\/a2zdistribution.staging.piment.io\/en\/wp-json\/wp\/v2\/pages"}],"about":[{"href":"https:\/\/a2zdistribution.staging.piment.io\/en\/wp-json\/wp\/v2\/types\/page"}],"author":[{"embeddable":true,"href":"https:\/\/a2zdistribution.staging.piment.io\/en\/wp-json\/wp\/v2\/users\/1"}],"replies":[{"embeddable":true,"href":"https:\/\/a2zdistribution.staging.piment.io\/en\/wp-json\/wp\/v2\/comments?post=74"}],"version-history":[{"count":121,"href":"https:\/\/a2zdistribution.staging.piment.io\/en\/wp-json\/wp\/v2\/pages\/74\/revisions"}],"predecessor-version":[{"id":1490,"href":"https:\/\/a2zdistribution.staging.piment.io\/en\/wp-json\/wp\/v2\/pages\/74\/revisions\/1490"}],"wp:featuredmedia":[{"embeddable":true,"href":"https:\/\/a2zdistribution.staging.piment.io\/en\/wp-json\/wp\/v2\/media\/859"}],"wp:attachment":[{"href":"https:\/\/a2zdistribution.staging.piment.io\/en\/wp-json\/wp\/v2\/media?parent=74"}],"curies":[{"name":"wp","href":"https:\/\/api.w.org\/{rel}","templated":true}]}}