{"id":72,"date":"2022-11-24T15:55:58","date_gmt":"2022-11-24T14:55:58","guid":{"rendered":"https:\/\/a2zdistribution.staging.piment.io\/?page_id=72"},"modified":"2024-04-26T09:40:20","modified_gmt":"2024-04-26T07:40:20","slug":"machines-outils-de-decoupe-au-laser-plieuse","status":"publish","type":"page","link":"https:\/\/a2zdistribution.staging.piment.io\/en\/machines-outils-de-decoupe-au-laser-plieuse\/","title":{"rendered":"Laser cutting machine tools, folding machine"},"content":{"rendered":"<section id=\"hero-image-block_6391c3888a18f\" class=\"hero-image py-8 bg-secondary-cream\">\n    <div class=\"relative lg:my-24\">\n        <div class=\"container grid lg:grid-cols-2 gap-x-8 gap-y-8 items-stretch\">\n            \n<div >\n  <div >\n    <!-- TAG (Optionnal) -->\n          <span class=\"h3 tracking-widest uppercase font-bold text-primary-green\">Our tools<\/span>\n      \n    <!-- TITLE -->\n    <h2 class=\"mt-2.5 mb-5 font-bold text-primary-dark-green\">Machines-outils de d\u00e9coupe au laser<\/h2>\n    \n      <\/div>\n\n      <!-- SUBTITLE -->\n    <div class=\"p-0 text-greyscale\/700\"><p>Nous avons d\u00e9but\u00e9 notre industrialisation, par le ceintrage de tubes, la fabrication de potences, avec des poin\u00e7onneuse, plieuses&#8230; Tr\u00e8s vite, nous nous sommes rendu compte, qu&rsquo;il existait un r\u00e9el besoin de proposer des articles sur-mesure \u00e0 nos clients. Nous nous sommes donc tourn\u00e9s vers des machines de d\u00e9coupe de tubes au laser.<\/p>\n<p>Ceci afin de pouvoir \u00eatre autonome sur la fabrication d&rsquo;accessoires paregr\u00eale, ainsi que de serres.<\/p>\n<p>Nous proposons \u00e9galement, une large gamme de serres.<\/p>\n<p>Notre \u00e9quipe compte deux dessinateurs, form\u00e9s sur la conception de ces articles.<\/p>\n<\/div>\n    \n  <!-- CTA (Optionnal) -->\n  <\/div>            <div><\/div>\n        <\/div>\n        <div class=\"hero-image-bg relative lg:absolute w-full h-[45vh] top-0 right-0\">\n            <div class=\"w-full h-full\">\n                <img width=\"2560\" height=\"2162\" src=\"https:\/\/a2zdistribution.staging.piment.io\/app\/uploads\/2023\/09\/20230929_113210-scaled.jpg\" class=\"object-cover h-full w-full overflow-hidden object-center rounded-tl-xl\" alt=\"\" decoding=\"async\" loading=\"lazy\" srcset=\"https:\/\/a2zdistribution.staging.piment.io\/app\/uploads\/2023\/09\/20230929_113210-scaled.jpg 2560w, https:\/\/a2zdistribution.staging.piment.io\/app\/uploads\/2023\/09\/20230929_113210-300x253.jpg 300w, https:\/\/a2zdistribution.staging.piment.io\/app\/uploads\/2023\/09\/20230929_113210-1024x865.jpg 1024w, https:\/\/a2zdistribution.staging.piment.io\/app\/uploads\/2023\/09\/20230929_113210-768x648.jpg 768w, https:\/\/a2zdistribution.staging.piment.io\/app\/uploads\/2023\/09\/20230929_113210-1536x1297.jpg 1536w, https:\/\/a2zdistribution.staging.piment.io\/app\/uploads\/2023\/09\/20230929_113210-2048x1729.jpg 2048w, https:\/\/a2zdistribution.staging.piment.io\/app\/uploads\/2023\/09\/20230929_113210-14x12.jpg 14w\" sizes=\"(max-width: 2560px) 100vw, 2560px\" \/>            <\/div>\n        <\/div>\n    <\/div>\n<\/section>\n\n\n\n<section id=\"image-list-block_65128f5cd36c2\" class=\"image-list\">\n  <div class=\"container my-12 md:my-24\">\n    <div class=\"grid lg:grid-cols-2 gap-x-8 gap-y-5 items-stretch\">\n        <div>\n            \n<div class=\"mb-5\">\n  <div >\n    <!-- TAG (Optionnal) -->\n      \n    <!-- TITLE -->\n    <h2 class=\"mt-2.5 mb-5 font-bold text-primary-dark-green\">Des outils au service de vos cultures<\/h2>\n    \n      <\/div>\n\n      <!-- SUBTITLE -->\n    <div class=\"p-0 text-greyscale\/700\"><p>Nous atelier :<\/p>\n<ul>\n<li>2 machines de d\u00e9coupe au laser sur tubes<\/li>\n<li>1 machine de d\u00e9coupe \u00e0 plat (t\u00f4le allant jusqu&rsquo;\u00e0 2cm d&rsquo;\u00e9paisseur)<\/li>\n<li>1 plieuse<\/li>\n<li>2 poin\u00e7onneuses<\/li>\n<li>1 scie \u00e0 ruban<\/li>\n<li>1 perceuse \u00e0 colonne<\/li>\n<\/ul>\n<p>&nbsp;<\/p>\n<p>Tout cela nous permet une autonomie et une flexibilit\u00e9 non n\u00e9gligeable.<\/p>\n<\/div>\n    \n  <!-- CTA (Optionnal) -->\n  <\/div>            <div class=\"grid gap-5\">\n                                    <div>\n                        <p class=\"p-0 text-lg !leading-6 text-primary-dark-green font-bold\"><\/p>\n                        <div class=\"p-0\"><\/div>\n                        <ul class=\"mt-2.5 list-disc pl-6\">\n                                                    <\/ul>\n                    <\/div>\n                            <\/div>\n        <\/div>\n        <div class=\"relative h-[45vh] lg:h-auto lg:order-first\">\n            <div class=\"absolute w-full h-full top-0 left-0\">\n                <img width=\"1761\" height=\"2560\" src=\"https:\/\/a2zdistribution.staging.piment.io\/app\/uploads\/2023\/09\/20230929_111747-scaled.jpg\" class=\"object-cover h-full w-full overflow-hidden object-center rounded-xl\" alt=\"\" decoding=\"async\" loading=\"lazy\" srcset=\"https:\/\/a2zdistribution.staging.piment.io\/app\/uploads\/2023\/09\/20230929_111747-scaled.jpg 1761w, https:\/\/a2zdistribution.staging.piment.io\/app\/uploads\/2023\/09\/20230929_111747-206x300.jpg 206w, https:\/\/a2zdistribution.staging.piment.io\/app\/uploads\/2023\/09\/20230929_111747-704x1024.jpg 704w, https:\/\/a2zdistribution.staging.piment.io\/app\/uploads\/2023\/09\/20230929_111747-768x1117.jpg 768w, https:\/\/a2zdistribution.staging.piment.io\/app\/uploads\/2023\/09\/20230929_111747-1056x1536.jpg 1056w, https:\/\/a2zdistribution.staging.piment.io\/app\/uploads\/2023\/09\/20230929_111747-1409x2048.jpg 1409w, https:\/\/a2zdistribution.staging.piment.io\/app\/uploads\/2023\/09\/20230929_111747-8x12.jpg 8w\" sizes=\"(max-width: 1761px) 100vw, 1761px\" \/>            <\/div>\n        <\/div>\n    <\/div>\n  <\/div>\n<\/section>\n\n\n\n<section id=\"cta-block_6391c5fb8a19b\" class=\"cta-bloc text-greyscale\/0 container mx-auto py-12\">\n    <!--CONTAINER CTA-->\n    <div class=\"flex flex-col items-start md:items-center relative rounded-lg bg-center bg-cover p-11 overflow-hidden\" style=\"background-image: url('')\">\n        <!-- Opacity Layer -->\n        <div class=\"absolute bg-primary-dark-green\/80 top-0 left-0 w-full h-full z-0\"><\/div>\n                    <!--TITLE-->\n            <h2 class=\"md:text-3xl !leading-10 font-bold mb-5 z-10\">Contact us<\/h2>\n                            <!--SUBTITLE-->\n            <div class=\"text-lg mb-5 z-10 text-left md:text-center w-full md:w-3\/4\"><p>Contactez-nous. Notre \u00e9quipe se fera un plaisir de vous accompagner dans votre projet en vous apportant son savoir-faire.<\/p>\n<\/div>\n                <!--CTA-->\n        \n<a class=\"btn btn-arrow z-10 uppercase w-fit bg-primary-clear-green nowrap\"\nhref=\"https:\/\/a2zdistribution.staging.piment.io\/en\/contactez-nous\/\">\n  Contact us<\/a>    <\/div>\n<\/section>","protected":false},"excerpt":{"rendered":"","protected":false},"author":1,"featured_media":0,"parent":0,"menu_order":0,"comment_status":"closed","ping_status":"closed","template":"","meta":[],"acf":[],"_links":{"self":[{"href":"https:\/\/a2zdistribution.staging.piment.io\/en\/wp-json\/wp\/v2\/pages\/72"}],"collection":[{"href":"https:\/\/a2zdistribution.staging.piment.io\/en\/wp-json\/wp\/v2\/pages"}],"about":[{"href":"https:\/\/a2zdistribution.staging.piment.io\/en\/wp-json\/wp\/v2\/types\/page"}],"author":[{"embeddable":true,"href":"https:\/\/a2zdistribution.staging.piment.io\/en\/wp-json\/wp\/v2\/users\/1"}],"replies":[{"embeddable":true,"href":"https:\/\/a2zdistribution.staging.piment.io\/en\/wp-json\/wp\/v2\/comments?post=72"}],"version-history":[{"count":62,"href":"https:\/\/a2zdistribution.staging.piment.io\/en\/wp-json\/wp\/v2\/pages\/72\/revisions"}],"predecessor-version":[{"id":1474,"href":"https:\/\/a2zdistribution.staging.piment.io\/en\/wp-json\/wp\/v2\/pages\/72\/revisions\/1474"}],"wp:attachment":[{"href":"https:\/\/a2zdistribution.staging.piment.io\/en\/wp-json\/wp\/v2\/media?parent=72"}],"curies":[{"name":"wp","href":"https:\/\/api.w.org\/{rel}","templated":true}]}}