{"id":70,"date":"2022-11-24T15:55:47","date_gmt":"2022-11-24T14:55:47","guid":{"rendered":"https:\/\/a2zdistribution.staging.piment.io\/?page_id=70"},"modified":"2023-01-11T14:30:36","modified_gmt":"2023-01-11T13:30:36","slug":"mentions-legales","status":"publish","type":"page","link":"https:\/\/a2zdistribution.staging.piment.io\/en\/mentions-legales\/","title":{"rendered":"Mentions L\u00e9gales"},"content":{"rendered":"<p><\/p>\n\n\n\n<p><\/p>\n\n\n\n<p><\/p>\n\n\n\n<h2>Publication director<\/h2>\n\n\n\n<p>A2z Distribution<br>M. Christian ZORZI<\/p>\n\n\n\n<p>ZAC de la Roubiague<br>47390 LAYRAC<br>T\u00e8l: 05 53 87 25 73<br>Mail: contact@a2zdistribution.fr<\/p>\n\n\n\n<h2>Design and production<\/h2>\n\n\n\n<p>Conception et r\u00e9alisation : <a href=\"https:\/\/piment.io\">https:\/\/piment.io<\/a><\/p>\n\n\n\n<h2>Photo credits<strong>&nbsp;<\/strong><\/h2>\n\n\n\n<p>\u00a9&nbsp;<\/p>\n\n\n\n<h2>Hosting<\/h2>\n\n\n\n<p>Piment <br>48 rue thiac <br>33000 Bordeaux<\/p>\n\n\n\n<h2>Copyright and reproduction rights<\/h2>\n\n\n\n<p>En application des lois du 11 mars 1957 et du 1er juillet 1992 relatives au code de la propri\u00e9t\u00e9 intellectuelle, l&rsquo;ensemble des contenus du site Internet de A2Z Distribution ne peuvent \u00eatre utilis\u00e9s ou reproduits sans une autorisation pr\u00e9alable.<\/p>\n\n\n\n<p>Ce site respecte le droit d&rsquo;auteur. Tous les droits des auteurs des \u0153uvres prot\u00e9g\u00e9es reproduites et communiqu\u00e9es sur ce site, sont r\u00e9serv\u00e9s. Sauf autorisation, toute utilisation des \u0153uvres autres que la reproduction et la consultation individuelles et priv\u00e9es sont interdites : www.sesam.org<\/p>\n\n\n\n<h2>Hyperlink<\/h2>\n\n\n\n<p>A2Z Distribution &nbsp;autorise la cr\u00e9ation d&rsquo;un lien hypertexte vers son site Internet aux conditions suivantes :<br>&#8211; le site doit s&rsquo;ouvrir dans une nouvelle fen\u00eatre de navigateur et ne pas \u00eatre imbriqu\u00e9 dans les pages d&rsquo;un autre site (Pas de \u00abframes\u00bb)<\/p>\n\n\n\n<p>Cette autorisation ne s\u2019applique pas aux sites internet diffusant des informations \u00e0 caract\u00e8re pol\u00e9mique, pornographique, x\u00e9nophobe ou pouvant, dans une plus large mesure, porter atteinte \u00e0 la sensibilit\u00e9 du plus grand nombre. Toute utilisation de lien \u00e0 des fins commerciales ou publicitaires est exclue.<\/p>\n\n\n\n<p>A2Z Distribution&nbsp;se r\u00e9serve donc le droit de demander la suppression d\u2019un lien qu\u2019il estime non conforme \u00e0 sa ligne \u00e9ditoriale.<\/p>\n\n\n\n<p>Pour toute autre demande concernant un lien hypertexte contactez-nous.<\/p>\n\n\n\n<h2>Confidentiality<\/h2>\n\n\n\n<p>Conform\u00e9ment \u00e0 la loi du 6 janvier 1978 relative \u00e0 l&rsquo;informatique, aux fichiers et aux libert\u00e9s, ce site ainsi que les formulaires en ligne et t\u00e9l\u00e9-proc\u00e9dures qu&rsquo;il propose ont fait l&rsquo;objet d&rsquo;une d\u00e9claration aupr\u00e8s de la Commission Nationale Informatique et Libert\u00e9s.<\/p>\n\n\n\n<p>Vous disposez d&rsquo;un droit d&rsquo;acc\u00e8s, de modification, de rectification et de suppression des donn\u00e9es vous concernant.<\/p>\n\n\n\n<p>Pour exercer ce droit contactez nous.<\/p>\n\n\n\n<p>Ce site utilise des \u00abcookies\u00bb a des fins purement utilitaires (navigation et statistiques). Les \u00abcookies\u00bb sont des fichiers de format texte stock\u00e9s par votre navigateur Internet.<\/p>","protected":false},"excerpt":{"rendered":"<p>Directeur de publication A2z DistributionM. Christian ZORZI ZAC de la Roubiague47390 LAYRACT\u00e8l: 05 53 87 25 73Mail: contact@a2zdistribution.fr Conception et r\u00e9alisation Conception et r\u00e9alisation : https:\/\/piment.io Cr\u00e9dits photos&nbsp; \u00a9&nbsp; H\u00e9bergement Piment 48 rue thiac 33000 Bordeaux Droits d&rsquo;auteur et de reproduction En application des lois du 11 mars 1957 et [&hellip;]<\/p>","protected":false},"author":1,"featured_media":0,"parent":0,"menu_order":0,"comment_status":"closed","ping_status":"closed","template":"","meta":[],"acf":[],"_links":{"self":[{"href":"https:\/\/a2zdistribution.staging.piment.io\/en\/wp-json\/wp\/v2\/pages\/70"}],"collection":[{"href":"https:\/\/a2zdistribution.staging.piment.io\/en\/wp-json\/wp\/v2\/pages"}],"about":[{"href":"https:\/\/a2zdistribution.staging.piment.io\/en\/wp-json\/wp\/v2\/types\/page"}],"author":[{"embeddable":true,"href":"https:\/\/a2zdistribution.staging.piment.io\/en\/wp-json\/wp\/v2\/users\/1"}],"replies":[{"embeddable":true,"href":"https:\/\/a2zdistribution.staging.piment.io\/en\/wp-json\/wp\/v2\/comments?post=70"}],"version-history":[{"count":3,"href":"https:\/\/a2zdistribution.staging.piment.io\/en\/wp-json\/wp\/v2\/pages\/70\/revisions"}],"predecessor-version":[{"id":472,"href":"https:\/\/a2zdistribution.staging.piment.io\/en\/wp-json\/wp\/v2\/pages\/70\/revisions\/472"}],"wp:attachment":[{"href":"https:\/\/a2zdistribution.staging.piment.io\/en\/wp-json\/wp\/v2\/media?parent=70"}],"curies":[{"name":"wp","href":"https:\/\/api.w.org\/{rel}","templated":true}]}}