{"id":68,"date":"2022-11-24T15:55:33","date_gmt":"2022-11-24T14:55:33","guid":{"rendered":"https:\/\/a2zdistribution.staging.piment.io\/?page_id=68"},"modified":"2024-04-26T10:15:09","modified_gmt":"2024-04-26T08:15:09","slug":"ligne-de-production-de-poteaux-beton","status":"publish","type":"page","link":"https:\/\/a2zdistribution.staging.piment.io\/en\/ligne-de-production-de-poteaux-beton\/","title":{"rendered":"Ligne de production de poteaux b\u00e9tons"},"content":{"rendered":"<section id=\"hero-image-block_6391c3888a18f\" class=\"hero-image py-8 bg-secondary-cream\">\n    <div class=\"relative lg:my-24\">\n        <div class=\"container grid lg:grid-cols-2 gap-x-8 gap-y-8 items-stretch\">\n            \n<div >\n  <div >\n    <!-- TAG (Optionnal) -->\n          <span class=\"h3 tracking-widest uppercase font-bold text-primary-green\">Our tools<\/span>\n      \n    <!-- TITLE -->\n    <h2 class=\"mt-2.5 mb-5 font-bold text-primary-dark-green\">Ligne de Production de poteaux b\u00e9ton MADE IN FRANCE<\/h2>\n    \n      <\/div>\n\n      <!-- SUBTITLE -->\n    <div class=\"p-0 text-greyscale\/700\"><p>Apr\u00e8s 8 ans d\u2019importation de poteaux b\u00e9ton pr\u00e9contraint en provenance d\u2019Italie, nous avons souhait\u00e9 nous lancer dans la production made in France.<\/p>\n<p>Produire en local pour r\u00e9duire les co\u00fbts de transport avec une meilleure maitrise de la qualit\u00e9.<\/p>\n<p>Implant\u00e9 dans le Lot-et-Garonne depuis toujours, nous avons souhait\u00e9 monter ce projet dans notre d\u00e9partement sur la commune de Layrac. Au plus proche de nos clients.<\/p>\n<p>&nbsp;<\/p>\n<\/div>\n    \n  <!-- CTA (Optionnal) -->\n  <\/div>            <div><\/div>\n        <\/div>\n        <div class=\"hero-image-bg relative lg:absolute w-full h-[45vh] top-0 right-0\">\n            <div class=\"w-full h-full\">\n                <img width=\"2048\" height=\"1536\" src=\"https:\/\/a2zdistribution.staging.piment.io\/app\/uploads\/2023\/09\/LIGNE3.png\" class=\"object-cover h-full w-full overflow-hidden object-center rounded-tl-xl\" alt=\"\" decoding=\"async\" loading=\"lazy\" srcset=\"https:\/\/a2zdistribution.staging.piment.io\/app\/uploads\/2023\/09\/LIGNE3.png 2048w, https:\/\/a2zdistribution.staging.piment.io\/app\/uploads\/2023\/09\/LIGNE3-300x225.png 300w, https:\/\/a2zdistribution.staging.piment.io\/app\/uploads\/2023\/09\/LIGNE3-1024x768.png 1024w, https:\/\/a2zdistribution.staging.piment.io\/app\/uploads\/2023\/09\/LIGNE3-768x576.png 768w, https:\/\/a2zdistribution.staging.piment.io\/app\/uploads\/2023\/09\/LIGNE3-1536x1152.png 1536w, https:\/\/a2zdistribution.staging.piment.io\/app\/uploads\/2023\/09\/LIGNE3-16x12.png 16w\" sizes=\"(max-width: 2048px) 100vw, 2048px\" \/>            <\/div>\n        <\/div>\n    <\/div>\n<\/section>\n\n\n\n<section id=\"hero-image-block_650af8dacddec\" class=\"hero-image aligncenter py-8 bg-secondary-cream\">\n    <div class=\"relative lg:my-24\">\n        <div class=\"container grid lg:grid-cols-2 gap-x-8 gap-y-8 items-stretch\">\n            \n<div class=\"lg:order-last\">\n  <div >\n    <!-- TAG (Optionnal) -->\n      \n    <!-- TITLE -->\n    <h2 class=\"mt-2.5 mb-5 font-bold text-primary-dark-green\">Notre unit\u00e9 de production<\/h2>\n    \n      <\/div>\n\n      <!-- SUBTITLE -->\n    <div class=\"p-0 text-greyscale\/700\"><p>Pour rappel :<\/p>\n<p>Nos 35 moules de sections de poteaux 7&#215;8 12 fils et 6 de sections 10&#215;11 18 fils , font 92m de long \u00e0 l&rsquo;origine.<\/p>\n<p>Ils sont ensuite d\u00e9coup\u00e9s selon nos longueurs standards:<\/p>\n<ul>\n<li>3,00m<\/li>\n<li>4,70m<\/li>\n<li>5,00m<\/li>\n<li>ainsi qu&rsquo;\u00e0 la demande suivant les quantit\u00e9s.<\/li>\n<\/ul>\n<\/div>\n    \n  <!-- CTA (Optionnal) -->\n  <\/div>            <div><\/div>\n        <\/div>\n        <div class=\"hero-image-bg relative lg:absolute w-full h-[45vh] top-0 left-0\">\n            <div class=\"w-full h-full\">\n                <img width=\"2048\" height=\"1536\" src=\"https:\/\/a2zdistribution.staging.piment.io\/app\/uploads\/2023\/09\/LIGNE4.png\" class=\"object-cover h-full w-full overflow-hidden object-center rounded-tr-xl\" alt=\"\" decoding=\"async\" loading=\"lazy\" srcset=\"https:\/\/a2zdistribution.staging.piment.io\/app\/uploads\/2023\/09\/LIGNE4.png 2048w, https:\/\/a2zdistribution.staging.piment.io\/app\/uploads\/2023\/09\/LIGNE4-300x225.png 300w, https:\/\/a2zdistribution.staging.piment.io\/app\/uploads\/2023\/09\/LIGNE4-1024x768.png 1024w, https:\/\/a2zdistribution.staging.piment.io\/app\/uploads\/2023\/09\/LIGNE4-768x576.png 768w, https:\/\/a2zdistribution.staging.piment.io\/app\/uploads\/2023\/09\/LIGNE4-1536x1152.png 1536w, https:\/\/a2zdistribution.staging.piment.io\/app\/uploads\/2023\/09\/LIGNE4-16x12.png 16w\" sizes=\"(max-width: 2048px) 100vw, 2048px\" \/>            <\/div>\n        <\/div>\n    <\/div>\n<\/section>\n\n\n\n<section id=\"content-overflow-block_654b4dcf7e61a\" class=\"content-overflow-bloc  overflow-hidden\">\n    <!--CONTAINER-->\n    <div class=\"container mx-auto grid md:grid-cols-3 py-12 gap-10 items-stretch\">\n\n        <div class=\"h-fit md:col-span-1 justify-self-stretch\">\n                                        <!--SUBTITLE-->\n                <div class=\"text-base p-0 text-greyscale\/700\"><p>Notre production est r\u00e9alis\u00e9e par une \u00e9quipe d\u2019experts dans la manipulation et l\u2019utilisation de mat\u00e9riaux pr\u00e9contraints.<\/p>\n<p>Des tests de r\u00e9sistance, des inspections et des essais de qualit\u00e9 sont effectu\u00e9s pour s\u2019assurer que les structures respectent les normes de s\u00e9curit\u00e9 et de qualit\u00e9s requises.<\/p>\n<p>Poteaux destin\u00e9s au palissage de vergers et \u00e0 la tenue des filets pare-gr\u00eale.<\/p>\n<\/div>\n                    <\/div>\n\n        <!-- CONTAINER IMAGE -->\n        <div class=\"row-start-1 md:row-auto md:col-span-2 w-full\">\n            <div class=\"flex items-center h-[35vh] md:h-full gap-6 w-[280%] md:w-[220%] lg:w-[150%] xl:w-[120%]\">\n\n                                    <!-- DIV IMAGE -->\n                        <div class=\"h-full overflow-hidden w-1\/2 relative overflow-hidden\">\n                            <img width=\"4032\" height=\"3024\" src=\"https:\/\/a2zdistribution.staging.piment.io\/app\/uploads\/2023\/11\/LIGNE5.png\" class=\"absolute h-full w-full object-cover object-center rounded-xl\" alt=\"\" decoding=\"async\" loading=\"lazy\" srcset=\"https:\/\/a2zdistribution.staging.piment.io\/app\/uploads\/2023\/11\/LIGNE5.png 4032w, https:\/\/a2zdistribution.staging.piment.io\/app\/uploads\/2023\/11\/LIGNE5-300x225.png 300w, https:\/\/a2zdistribution.staging.piment.io\/app\/uploads\/2023\/11\/LIGNE5-1024x768.png 1024w, https:\/\/a2zdistribution.staging.piment.io\/app\/uploads\/2023\/11\/LIGNE5-768x576.png 768w, https:\/\/a2zdistribution.staging.piment.io\/app\/uploads\/2023\/11\/LIGNE5-1536x1152.png 1536w, https:\/\/a2zdistribution.staging.piment.io\/app\/uploads\/2023\/11\/LIGNE5-2048x1536.png 2048w, https:\/\/a2zdistribution.staging.piment.io\/app\/uploads\/2023\/11\/LIGNE5-16x12.png 16w\" sizes=\"(max-width: 4032px) 100vw, 4032px\" \/>                        <\/div>\n                                    <!-- DIV IMAGE -->\n                        <div class=\"h-full overflow-hidden w-1\/2 relative overflow-hidden\">\n                            <img width=\"347\" height=\"398\" src=\"https:\/\/a2zdistribution.staging.piment.io\/app\/uploads\/2023\/11\/testeuse.png\" class=\"absolute h-full w-full object-cover object-center rounded-xl\" alt=\"\" decoding=\"async\" loading=\"lazy\" srcset=\"https:\/\/a2zdistribution.staging.piment.io\/app\/uploads\/2023\/11\/testeuse.png 347w, https:\/\/a2zdistribution.staging.piment.io\/app\/uploads\/2023\/11\/testeuse-262x300.png 262w, https:\/\/a2zdistribution.staging.piment.io\/app\/uploads\/2023\/11\/testeuse-10x12.png 10w\" sizes=\"(max-width: 347px) 100vw, 347px\" \/>                        <\/div>\n                                    <!-- DIV IMAGE -->\n                        <div class=\"h-full overflow-hidden w-1\/2 relative overflow-hidden\">\n                            <img width=\"4032\" height=\"3024\" src=\"https:\/\/a2zdistribution.staging.piment.io\/app\/uploads\/2023\/11\/LIGNE1.png\" class=\"absolute h-full w-full object-cover object-center rounded-xl\" alt=\"\" decoding=\"async\" loading=\"lazy\" srcset=\"https:\/\/a2zdistribution.staging.piment.io\/app\/uploads\/2023\/11\/LIGNE1.png 4032w, https:\/\/a2zdistribution.staging.piment.io\/app\/uploads\/2023\/11\/LIGNE1-300x225.png 300w, https:\/\/a2zdistribution.staging.piment.io\/app\/uploads\/2023\/11\/LIGNE1-1024x768.png 1024w, https:\/\/a2zdistribution.staging.piment.io\/app\/uploads\/2023\/11\/LIGNE1-768x576.png 768w, https:\/\/a2zdistribution.staging.piment.io\/app\/uploads\/2023\/11\/LIGNE1-1536x1152.png 1536w, https:\/\/a2zdistribution.staging.piment.io\/app\/uploads\/2023\/11\/LIGNE1-2048x1536.png 2048w, https:\/\/a2zdistribution.staging.piment.io\/app\/uploads\/2023\/11\/LIGNE1-16x12.png 16w\" sizes=\"(max-width: 4032px) 100vw, 4032px\" \/>                        <\/div>\n            \n            <\/div>\n        <\/div>\n    <\/div>\n<\/section>\n\n\n<section id=\"cta-block_6391c5fb8a19b\" class=\"cta-bloc text-greyscale\/0 container mx-auto py-12\">\n    <!--CONTAINER CTA-->\n    <div class=\"flex flex-col items-start md:items-center relative rounded-lg bg-center bg-cover p-11 overflow-hidden\" style=\"background-image: url('')\">\n        <!-- Opacity Layer -->\n        <div class=\"absolute bg-primary-dark-green\/80 top-0 left-0 w-full h-full z-0\"><\/div>\n                    <!--TITLE-->\n            <h2 class=\"md:text-3xl !leading-10 font-bold mb-5 z-10\">Contact us<\/h2>\n                            <!--SUBTITLE-->\n            <div class=\"text-lg mb-5 z-10 text-left md:text-center w-full md:w-3\/4\"><p>Notre \u00e9quipe se fera un plaisir de vous accompagner dans votre projet en vous apportant son savoir-faire.<\/p>\n<\/div>\n                <!--CTA-->\n        \n<a class=\"btn btn-arrow z-10 uppercase w-fit bg-primary-clear-green nowrap\"\nhref=\"https:\/\/a2zdistribution.staging.piment.io\/en\/contactez-nous\/\">\n  Contact us<\/a>    <\/div>\n<\/section>","protected":false},"excerpt":{"rendered":"","protected":false},"author":1,"featured_media":0,"parent":0,"menu_order":0,"comment_status":"closed","ping_status":"closed","template":"","meta":[],"acf":[],"_links":{"self":[{"href":"https:\/\/a2zdistribution.staging.piment.io\/en\/wp-json\/wp\/v2\/pages\/68"}],"collection":[{"href":"https:\/\/a2zdistribution.staging.piment.io\/en\/wp-json\/wp\/v2\/pages"}],"about":[{"href":"https:\/\/a2zdistribution.staging.piment.io\/en\/wp-json\/wp\/v2\/types\/page"}],"author":[{"embeddable":true,"href":"https:\/\/a2zdistribution.staging.piment.io\/en\/wp-json\/wp\/v2\/users\/1"}],"replies":[{"embeddable":true,"href":"https:\/\/a2zdistribution.staging.piment.io\/en\/wp-json\/wp\/v2\/comments?post=68"}],"version-history":[{"count":72,"href":"https:\/\/a2zdistribution.staging.piment.io\/en\/wp-json\/wp\/v2\/pages\/68\/revisions"}],"predecessor-version":[{"id":1497,"href":"https:\/\/a2zdistribution.staging.piment.io\/en\/wp-json\/wp\/v2\/pages\/68\/revisions\/1497"}],"wp:attachment":[{"href":"https:\/\/a2zdistribution.staging.piment.io\/en\/wp-json\/wp\/v2\/media?parent=68"}],"curies":[{"name":"wp","href":"https:\/\/api.w.org\/{rel}","templated":true}]}}