{"id":66,"date":"2022-11-24T15:55:15","date_gmt":"2022-11-24T14:55:15","guid":{"rendered":"https:\/\/a2zdistribution.staging.piment.io\/?page_id=66"},"modified":"2024-04-26T09:34:47","modified_gmt":"2024-04-26T07:34:47","slug":"autres-services","status":"publish","type":"page","link":"https:\/\/a2zdistribution.staging.piment.io\/en\/autres-services\/","title":{"rendered":"Storage building"},"content":{"rendered":"<section id=\"hero-image-block_6391c1b2b3918\" class=\"hero-image py-8 bg-secondary-cream\">\n    <div class=\"relative lg:my-24\">\n        <div class=\"container grid lg:grid-cols-2 gap-x-8 gap-y-8 items-stretch\">\n            \n<div >\n  <div >\n    <!-- TAG (Optionnal) -->\n          <span class=\"h3 tracking-widest uppercase font-bold text-primary-green\">Our products<\/span>\n      \n    <!-- TITLE -->\n    <h2 class=\"mt-2.5 mb-5 font-bold text-primary-dark-green\">Storage building<\/h2>\n    \n      <\/div>\n\n      <!-- SUBTITLE -->\n    <div class=\"p-0 text-greyscale\/700\"><p>Nous avons con\u00e7u plusieurs types de hangar de stockage, mono pente ou bi pentes avec diff\u00e9rentes configurations. Nous dessinons et concevons et sommes capables de nous adapter aux particularit\u00e9s des exploitations. Tous nos hangars peuvent accueillir des installations photovolta\u00efques.<\/p>\n<\/div>\n    \n  <!-- CTA (Optionnal) -->\n  \n<a class=\"btn btn-arrow uppercase block w-fit mt-10 nowrap\"\nhref=\"https:\/\/a2zdistribution.staging.piment.io\/en\/estimer-un-projet\/\">\n  Estimer votre projet<\/a><\/div>            <div><\/div>\n        <\/div>\n        <div class=\"hero-image-bg relative lg:absolute w-full h-[45vh] top-0 right-0\">\n            <div class=\"w-full h-full\">\n                <img width=\"2560\" height=\"1920\" src=\"https:\/\/a2zdistribution.staging.piment.io\/app\/uploads\/2023\/09\/20230628_145610-scaled.jpg\" class=\"object-cover h-full w-full overflow-hidden object-center rounded-tl-xl\" alt=\"\" decoding=\"async\" loading=\"lazy\" srcset=\"https:\/\/a2zdistribution.staging.piment.io\/app\/uploads\/2023\/09\/20230628_145610-scaled.jpg 2560w, https:\/\/a2zdistribution.staging.piment.io\/app\/uploads\/2023\/09\/20230628_145610-300x225.jpg 300w, https:\/\/a2zdistribution.staging.piment.io\/app\/uploads\/2023\/09\/20230628_145610-1024x768.jpg 1024w, https:\/\/a2zdistribution.staging.piment.io\/app\/uploads\/2023\/09\/20230628_145610-768x576.jpg 768w, https:\/\/a2zdistribution.staging.piment.io\/app\/uploads\/2023\/09\/20230628_145610-1536x1152.jpg 1536w, https:\/\/a2zdistribution.staging.piment.io\/app\/uploads\/2023\/09\/20230628_145610-2048x1536.jpg 2048w, https:\/\/a2zdistribution.staging.piment.io\/app\/uploads\/2023\/09\/20230628_145610-16x12.jpg 16w\" sizes=\"(max-width: 2560px) 100vw, 2560px\" \/>            <\/div>\n        <\/div>\n    <\/div>\n<\/section>\n\n\n\n<section id=\"image-list-block_6391c1d9b3919\" class=\"image-list\">\n  <div class=\"container my-12 md:my-24\">\n    <div class=\"grid lg:grid-cols-2 gap-x-8 gap-y-5 items-stretch\">\n        <div>\n            \n<div class=\"mb-5\">\n  <div >\n    <!-- TAG (Optionnal) -->\n      \n    <!-- TITLE -->\n    <h2 class=\"mt-2.5 mb-5 font-bold text-primary-dark-green\">Plusieurs tailles disponibles<\/h2>\n    \n      <\/div>\n\n    \n  <!-- CTA (Optionnal) -->\n  <\/div>            <div class=\"grid gap-5\">\n                                    <div>\n                        <p class=\"p-0 text-lg !leading-6 text-primary-dark-green font-bold\"><\/p>\n                        <div class=\"p-0\"><\/div>\n                        <ul class=\"mt-2.5 list-disc pl-6\">\n                                                            <li>16m<\/li>\n                                                            <li>16m+5\/+10<\/li>\n                                                            <li>20m<\/li>\n                                                            <li>20m+6\/+10<\/li>\n                                                    <\/ul>\n                    <\/div>\n                            <\/div>\n        <\/div>\n        <div class=\"relative h-[45vh] lg:h-auto lg:order-first\">\n            <div class=\"absolute w-full h-full top-0 left-0\">\n                <img width=\"1920\" height=\"2560\" src=\"https:\/\/a2zdistribution.staging.piment.io\/app\/uploads\/2023\/09\/20230628_145437-scaled.jpg\" class=\"object-cover h-full w-full overflow-hidden object-center rounded-xl\" alt=\"\" decoding=\"async\" loading=\"lazy\" srcset=\"https:\/\/a2zdistribution.staging.piment.io\/app\/uploads\/2023\/09\/20230628_145437-scaled.jpg 1920w, https:\/\/a2zdistribution.staging.piment.io\/app\/uploads\/2023\/09\/20230628_145437-225x300.jpg 225w, https:\/\/a2zdistribution.staging.piment.io\/app\/uploads\/2023\/09\/20230628_145437-768x1024.jpg 768w, https:\/\/a2zdistribution.staging.piment.io\/app\/uploads\/2023\/09\/20230628_145437-1152x1536.jpg 1152w, https:\/\/a2zdistribution.staging.piment.io\/app\/uploads\/2023\/09\/20230628_145437-1536x2048.jpg 1536w, https:\/\/a2zdistribution.staging.piment.io\/app\/uploads\/2023\/09\/20230628_145437-9x12.jpg 9w\" sizes=\"(max-width: 1920px) 100vw, 1920px\" \/>            <\/div>\n        <\/div>\n    <\/div>\n  <\/div>\n<\/section>\n\n\n\n<section id=\"cta-block_6515758c138ec\" class=\"cta-bloc text-greyscale\/0 container mx-auto py-12\">\n    <!--CONTAINER CTA-->\n    <div class=\"flex flex-col items-start md:items-center relative rounded-lg bg-center bg-cover p-11 overflow-hidden\" style=\"background-image: url('https:\/\/a2zdistribution.staging.piment.io\/app\/uploads\/2023\/09\/20230628_145437-scaled.jpg')\">\n        <!-- Opacity Layer -->\n        <div class=\"absolute bg-primary-dark-green\/80 top-0 left-0 w-full h-full z-0\"><\/div>\n                    <!--TITLE-->\n            <h2 class=\"md:text-3xl !leading-10 font-bold mb-5 z-10\">Vous avez un projet de b\u00e2timent ? <\/h2>\n                            <!--SUBTITLE-->\n            <div class=\"text-lg mb-5 z-10 text-left md:text-center w-full md:w-3\/4\"><p>Contactez-nous. Notre \u00e9quipe se fera un plaisir de vous accompagner dans votre projet en vous apportant son savoir-faire.<\/p>\n<\/div>\n                <!--CTA-->\n        \n<a class=\"btn btn-arrow z-10 uppercase w-fit bg-primary-clear-green nowrap\"\nhref=\"https:\/\/a2zdistribution.staging.piment.io\/en\/estimer-un-projet\/\">\n  D\u00e9couvrir<\/a>    <\/div>\n<\/section>","protected":false},"excerpt":{"rendered":"","protected":false},"author":1,"featured_media":814,"parent":0,"menu_order":0,"comment_status":"closed","ping_status":"closed","template":"","meta":[],"acf":[],"_links":{"self":[{"href":"https:\/\/a2zdistribution.staging.piment.io\/en\/wp-json\/wp\/v2\/pages\/66"}],"collection":[{"href":"https:\/\/a2zdistribution.staging.piment.io\/en\/wp-json\/wp\/v2\/pages"}],"about":[{"href":"https:\/\/a2zdistribution.staging.piment.io\/en\/wp-json\/wp\/v2\/types\/page"}],"author":[{"embeddable":true,"href":"https:\/\/a2zdistribution.staging.piment.io\/en\/wp-json\/wp\/v2\/users\/1"}],"replies":[{"embeddable":true,"href":"https:\/\/a2zdistribution.staging.piment.io\/en\/wp-json\/wp\/v2\/comments?post=66"}],"version-history":[{"count":48,"href":"https:\/\/a2zdistribution.staging.piment.io\/en\/wp-json\/wp\/v2\/pages\/66\/revisions"}],"predecessor-version":[{"id":1469,"href":"https:\/\/a2zdistribution.staging.piment.io\/en\/wp-json\/wp\/v2\/pages\/66\/revisions\/1469"}],"wp:featuredmedia":[{"embeddable":true,"href":"https:\/\/a2zdistribution.staging.piment.io\/en\/wp-json\/wp\/v2\/media\/814"}],"wp:attachment":[{"href":"https:\/\/a2zdistribution.staging.piment.io\/en\/wp-json\/wp\/v2\/media?parent=66"}],"curies":[{"name":"wp","href":"https:\/\/api.w.org\/{rel}","templated":true}]}}