{"id":198,"date":"2022-12-06T13:53:49","date_gmt":"2022-12-06T12:53:49","guid":{"rendered":"https:\/\/a2zdistribution.staging.piment.io\/?page_id=198"},"modified":"2024-10-08T15:34:16","modified_gmt":"2024-10-08T13:34:16","slug":"nos-produits","status":"publish","type":"page","link":"https:\/\/a2zdistribution.staging.piment.io\/en\/nos-produits\/","title":{"rendered":"Our products"},"content":{"rendered":"<section id=\"hero-image-block_651d65e717b14\" class=\"hero-image py-8 bg-secondary-cream\">\n    <div class=\"relative lg:my-24\">\n        <div class=\"container grid lg:grid-cols-2 gap-x-8 gap-y-8 items-stretch\">\n            \n<div class=\"lg:order-last\">\n  <div >\n    <!-- TAG (Optionnal) -->\n          <span class=\"h3 tracking-widest uppercase font-bold text-primary-green\">Nos Produits<\/span>\n      \n    <!-- TITLE -->\n    <h2 class=\"mt-2.5 mb-5 font-bold text-primary-dark-green\">Nous vous accompagnons dans vos cultures<\/h2>\n    \n      <\/div>\n\n      <!-- SUBTITLE -->\n    <div class=\"p-0 text-greyscale\/700\"><p>Nous sommes aujourd&rsquo;hui un acteur incontournable dans la fabrication de structures de palissage, de filet pare-gr\u00eale et technique ou encore de serre sur-mesure. Notre s\u00e9lection de produits est con\u00e7ue pour r\u00e9pondre de mani\u00e8re efficace \u00e0 vos besoins en s&rsquo;adaptant \u00e0 vos m\u00e9thodes de culture.<\/p>\n<\/div>\n    \n  <!-- CTA (Optionnal) -->\n  <\/div>            <div><\/div>\n        <\/div>\n        <div class=\"hero-image-bg relative lg:absolute w-full h-[45vh] top-0 left-0\">\n            <div class=\"w-full h-full\">\n                <img width=\"2048\" height=\"1536\" src=\"https:\/\/a2zdistribution.staging.piment.io\/app\/uploads\/2023\/09\/Joffre-1.jpg\" class=\"object-cover h-full w-full overflow-hidden object-center rounded-tr-xl\" alt=\"\" decoding=\"async\" loading=\"lazy\" srcset=\"https:\/\/a2zdistribution.staging.piment.io\/app\/uploads\/2023\/09\/Joffre-1.jpg 2048w, https:\/\/a2zdistribution.staging.piment.io\/app\/uploads\/2023\/09\/Joffre-1-300x225.jpg 300w, https:\/\/a2zdistribution.staging.piment.io\/app\/uploads\/2023\/09\/Joffre-1-1024x768.jpg 1024w, https:\/\/a2zdistribution.staging.piment.io\/app\/uploads\/2023\/09\/Joffre-1-768x576.jpg 768w, https:\/\/a2zdistribution.staging.piment.io\/app\/uploads\/2023\/09\/Joffre-1-1536x1152.jpg 1536w, https:\/\/a2zdistribution.staging.piment.io\/app\/uploads\/2023\/09\/Joffre-1-16x12.jpg 16w\" sizes=\"(max-width: 2048px) 100vw, 2048px\" \/>            <\/div>\n        <\/div>\n    <\/div>\n<\/section>\n\n\n\n<section id=\"products-block_638f3ae7aac85\" class=\"products pb-24 pt-12 mb:pt-24 relative\">\n    <!-- CONTAINER CONTENT -->\n    <div class=\"container mx-auto z-10 relative\">\n    \n<div >\n  <div >\n    <!-- TAG (Optionnal) -->\n      \n    <!-- TITLE -->\n    <h2 class=\"mt-2.5 mb-5 font-bold text-primary-dark-green\">Notre engagement : Prot\u00e9ger vos cultures<\/h2>\n    \n      <\/div>\n\n    \n  <!-- CTA (Optionnal) -->\n  <\/div>    \n<div class=\"grid grid-cols-1 md:grid-cols-3 gap-5 mt-12 products-galery\">\n      <div class=\"grid grid-cols-1 gap-5\">\n      <img width=\"3024\" height=\"4032\" src=\"https:\/\/a2zdistribution.staging.piment.io\/app\/uploads\/2023\/09\/Sans-titre3.png\" class=\"row-span-3 h-72 w-full object-cover rounded-xl wp-post-image\" alt=\"\" decoding=\"async\" loading=\"lazy\" srcset=\"https:\/\/a2zdistribution.staging.piment.io\/app\/uploads\/2023\/09\/Sans-titre3.png 3024w, https:\/\/a2zdistribution.staging.piment.io\/app\/uploads\/2023\/09\/Sans-titre3-225x300.png 225w, https:\/\/a2zdistribution.staging.piment.io\/app\/uploads\/2023\/09\/Sans-titre3-768x1024.png 768w, https:\/\/a2zdistribution.staging.piment.io\/app\/uploads\/2023\/09\/Sans-titre3-1152x1536.png 1152w, https:\/\/a2zdistribution.staging.piment.io\/app\/uploads\/2023\/09\/Sans-titre3-1536x2048.png 1536w, https:\/\/a2zdistribution.staging.piment.io\/app\/uploads\/2023\/09\/Sans-titre3-9x12.png 9w\" sizes=\"(max-width: 3024px) 100vw, 3024px\" \/>      <div class=\"row-span-2 text-sm\">\n        <p class=\"pb-2.5 uppercase font-semibold text-greyscale\/0\">Concrete pole's structure<\/p>\n        <a class=\"p-0 text-greyscale\/0 link-line items-center\" href=\"https:\/\/a2zdistribution.staging.piment.io\/en\/structure-de-palissage-en-poteaux-beton\/\">Plus d&rsquo;informations sur ce produit<\/a>\n      <\/div>\n    <\/div>\n      <div class=\"grid grid-cols-1 gap-5\">\n      <img width=\"2560\" height=\"1920\" src=\"https:\/\/a2zdistribution.staging.piment.io\/app\/uploads\/2023\/09\/20230628_145610-scaled.jpg\" class=\"row-span-3 h-72 w-full object-cover rounded-xl wp-post-image\" alt=\"\" decoding=\"async\" loading=\"lazy\" srcset=\"https:\/\/a2zdistribution.staging.piment.io\/app\/uploads\/2023\/09\/20230628_145610-scaled.jpg 2560w, https:\/\/a2zdistribution.staging.piment.io\/app\/uploads\/2023\/09\/20230628_145610-300x225.jpg 300w, https:\/\/a2zdistribution.staging.piment.io\/app\/uploads\/2023\/09\/20230628_145610-1024x768.jpg 1024w, https:\/\/a2zdistribution.staging.piment.io\/app\/uploads\/2023\/09\/20230628_145610-768x576.jpg 768w, https:\/\/a2zdistribution.staging.piment.io\/app\/uploads\/2023\/09\/20230628_145610-1536x1152.jpg 1536w, https:\/\/a2zdistribution.staging.piment.io\/app\/uploads\/2023\/09\/20230628_145610-2048x1536.jpg 2048w, https:\/\/a2zdistribution.staging.piment.io\/app\/uploads\/2023\/09\/20230628_145610-16x12.jpg 16w\" sizes=\"(max-width: 2560px) 100vw, 2560px\" \/>      <div class=\"row-span-2 text-sm\">\n        <p class=\"pb-2.5 uppercase font-semibold text-greyscale\/0\">Storage building<\/p>\n        <a class=\"p-0 text-greyscale\/0 link-line items-center\" href=\"https:\/\/a2zdistribution.staging.piment.io\/en\/autres-services\/\">Plus d&rsquo;informations sur ce produit<\/a>\n      <\/div>\n    <\/div>\n      <div class=\"grid grid-cols-1 gap-5\">\n      <img width=\"872\" height=\"491\" src=\"https:\/\/a2zdistribution.staging.piment.io\/app\/uploads\/2023\/09\/PHOTO-2023-09-11-12-03-14-1-e1694440644264.jpg\" class=\"row-span-3 h-72 w-full object-cover rounded-xl wp-post-image\" alt=\"\" decoding=\"async\" loading=\"lazy\" srcset=\"https:\/\/a2zdistribution.staging.piment.io\/app\/uploads\/2023\/09\/PHOTO-2023-09-11-12-03-14-1-e1694440644264.jpg 872w, https:\/\/a2zdistribution.staging.piment.io\/app\/uploads\/2023\/09\/PHOTO-2023-09-11-12-03-14-1-e1694440644264-300x169.jpg 300w, https:\/\/a2zdistribution.staging.piment.io\/app\/uploads\/2023\/09\/PHOTO-2023-09-11-12-03-14-1-e1694440644264-768x432.jpg 768w, https:\/\/a2zdistribution.staging.piment.io\/app\/uploads\/2023\/09\/PHOTO-2023-09-11-12-03-14-1-e1694440644264-18x10.jpg 18w\" sizes=\"(max-width: 872px) 100vw, 872px\" \/>      <div class=\"row-span-2 text-sm\">\n        <p class=\"pb-2.5 uppercase font-semibold text-greyscale\/0\">Greenhouse custom<\/p>\n        <a class=\"p-0 text-greyscale\/0 link-line items-center\" href=\"https:\/\/a2zdistribution.staging.piment.io\/en\/serre-agricole-sur-mesure\/\">Plus d&rsquo;informations sur ce produit<\/a>\n      <\/div>\n    <\/div>\n  <\/div>    \n<div class=\"grid grid-cols-1 md:grid-cols-2 gap-5 mt-10\">\n      <div class=\"grid grid-cols-1 lg:grid-cols-7 lg-to-hd:grid-cols-8 lg-to-hd:gap-x-5 py-8 px-8 lg:ml-32 lg:mr-0 bg-secondary-cream rounded-xl w-fit h-full\">\n      <div class=\"flex items-center justify-center hd:justify-start mt-5 lg:mt-0 order-last lg:order-1 lg:col-span-2 lg-to-hd:col-span-2 z-20\">\n        <svg width=\"64\" height=\"64\" viewbox=\"0 0 64 64\" fill=\"none\" xmlns=\"http:\/\/www.w3.org\/2000\/svg\">\n  <path d=\"M33.76 6.87997C32.7466 5.99997 31.2266 5.99997 30.2133 6.87997C17.2 18.3466 10.6666 28.32 10.6666 36.8C10.6666 50.08 20.8 58.6666 32 58.6666C43.2 58.6666 53.3333 50.08 53.3333 36.8C53.3333 28.32 46.8 18.3466 33.76 6.87997ZM20.88 37.3333C21.8666 37.3333 22.6666 38.0266 22.8533 38.9866C23.9466 44.9066 28.9333 46.9333 32.56 46.64C33.7066 46.5866 34.6666 47.4933 34.6666 48.64C34.6666 49.7066 33.8133 50.5866 32.7466 50.64C27.0666 50.9866 20.4266 47.7333 18.9066 39.6533C18.8603 39.3674 18.8766 39.0748 18.9544 38.7959C19.0323 38.5169 19.1698 38.2581 19.3574 38.0375C19.5451 37.8169 19.7784 37.6396 20.0413 37.5181C20.3042 37.3965 20.5903 37.3334 20.88 37.3333Z\" class=\"fill-primary-dark-green\" \/>\n<\/svg>      <\/div>\n      <div class=\"w-full lg:order-2 lg:col-span-5 lg-to-hd:col-span-6 z-20\">\n        <h2 class=\"text-primary-dark-green font-bold mb-5\">Protection contre les intemp\u00e9ries<\/h2>\n        <div class=\"text-greyscale\/700 p-0\"><p>Les syst\u00e8mes de protection peuvent prot\u00e9ger les cultures contre les vents violents, la pluie, la gr\u00eale et les temp\u00eates, ce qui peut \u00e9viter les pertes de r\u00e9colte.<\/p>\n<\/div>\n      <\/div>\n    <\/div>\n      <div class=\"grid grid-cols-1 lg:grid-cols-7 lg-to-hd:grid-cols-8 lg-to-hd:gap-x-5 py-8 px-8 lg:mr-32 lg:ml-0 bg-secondary-cream rounded-xl w-fit h-full\">\n      <div class=\"flex items-center justify-center hd:justify-start mt-5 lg:mt-0 order-last lg:order-1 lg:col-span-2 lg-to-hd:col-span-2 z-20\">\n        <svg width=\"64\" height=\"64\" viewbox=\"0 0 64 64\" fill=\"none\" xmlns=\"http:\/\/www.w3.org\/2000\/svg\">\n  <g clip-path=\"url(#clip0_778_6056)\">\n    <path fill-rule=\"evenodd\" clip-rule=\"evenodd\" d=\"M30.128 5.85331C31.335 5.40087 32.665 5.40087 33.872 5.85331L52.5387 12.8533C53.5555 13.2345 54.4317 13.9169 55.0503 14.8095C55.6688 15.702 56.0001 16.7621 56 17.848V32.1493C56.0001 36.6064 54.759 40.9756 52.4158 44.7671C50.0726 48.5586 46.7199 51.6227 42.7333 53.616L33.7893 58.088C33.2338 58.3658 32.6212 58.5105 32 58.5105C31.3788 58.5105 30.7662 58.3658 30.2107 58.088L21.2667 53.616C17.2801 51.6227 13.9274 48.5586 11.5842 44.7671C9.24099 40.9756 7.9999 36.6064 8 32.1493V17.848C7.99986 16.7621 8.33121 15.702 8.94974 14.8095C9.56827 13.9169 10.4445 13.2345 11.4613 12.8533L30.128 5.85331ZM32 10.848L13.3333 17.848V32.1493C13.3339 35.6156 14.2997 39.0133 16.1224 41.9617C17.9452 44.9101 20.5528 47.2927 23.6533 48.8426L32 53.0213V10.848Z\" class=\"fill-primary-dark-green\" \/>\n  <\/g>\n  <defs>\n    <clippath id=\"clip0_778_6056\">\n      <rect width=\"64\" height=\"64\" fill=\"white\"\/>\n    <\/clippath>\n  <\/defs>\n<\/svg>      <\/div>\n      <div class=\"w-full lg:order-2 lg:col-span-5 lg-to-hd:col-span-6 z-20\">\n        <h2 class=\"text-primary-dark-green font-bold mb-5\">Lutte contre les maladies et les ravageurs<\/h2>\n        <div class=\"text-greyscale\/700 p-0\"><p>Les syst\u00e8mes de protection peuvent aider \u00e0 prot\u00e9ger les cultures contre les maladies et les ravageurs, en limitant leur acc\u00e8s aux plantes.<\/p>\n<\/div>\n      <\/div>\n    <\/div>\n  <\/div>    <\/div>\n\n          <!-- BACKGROUND 55% -->\n      <div\n          class=\"products-cards-bg absolute w-full h-[75%] absolute bg-primary-dark-green\/80 z-0 bottom-0 !bg-cover !bg-center !bg-no-repeat\"\n          style=\"background:linear-gradient(rgba(87, 111, 94, 0.95),rgba(87, 111, 94, 0.95)),url('');\"\n      >\n      <\/div>\n    \n    <script>\n        function backgroundHeight() {\n            let section = document.querySelector('#products-block_638f3ae7aac85');\n            let sectionHeight = section.offsetHeight;\n            let sectionPadding = parseFloat(getComputedStyle(section).paddingTop);\n\n            let firstCard = section.querySelector('.products-galery .grid:first-child img');\n            let firstCardOffset = firstCard.offsetTop;\n            let firstCardHeight = firstCard.offsetHeight;\n\n            let sectionBg = section.querySelector('.products-cards-bg');\n            sectionBg.style.height = sectionHeight - sectionPadding - firstCardOffset - (firstCardHeight \/ 2) + \"px\";\n        }\n\n        backgroundHeight();\n\n        window.addEventListener('resize', backgroundHeight);\n    <\/script>\n<\/section>\n\n\n<section id=\"image-list-block_651548ecc1c13\" class=\"image-list\">\n  <div class=\"container my-12 md:my-24\">\n    <div class=\"grid lg:grid-cols-2 gap-x-8 gap-y-5 items-stretch\">\n        <div>\n            \n<div class=\"mb-5\">\n  <div >\n    <!-- TAG (Optionnal) -->\n      \n    <!-- TITLE -->\n    <h2 class=\"mt-2.5 mb-5 font-bold text-primary-dark-green\">Charte 100% APE<\/h2>\n    \n      <\/div>\n\n      <!-- SUBTITLE -->\n    <div class=\"p-0 text-greyscale\/700\"><p>Soucieux de l&rsquo;environnement, nous sommes membre du CPA et contribuons \u00e0 une agriculture \u00e9cologiquement intensive. En effet, nous collectons une eco-taxe permettant le recyclage de vos filets.<\/p>\n<\/div>\n    \n  <!-- CTA (Optionnal) -->\n  <\/div>            <div class=\"grid gap-5\">\n                                    <div>\n                        <p class=\"p-0 text-lg !leading-6 text-primary-dark-green font-bold\"><\/p>\n                        <div class=\"p-0\"><\/div>\n                        <ul class=\"mt-2.5 list-disc pl-6\">\n                                                    <\/ul>\n                    <\/div>\n                            <\/div>\n        <\/div>\n        <div class=\"relative h-[45vh] lg:h-auto lg:order-first\">\n            <div class=\"absolute w-full h-full top-0 left-0\">\n                <img width=\"422\" height=\"620\" src=\"https:\/\/a2zdistribution.staging.piment.io\/app\/uploads\/2023\/09\/ape.png\" class=\"object-cover h-full w-full overflow-hidden object-center rounded-xl\" alt=\"\" decoding=\"async\" loading=\"lazy\" srcset=\"https:\/\/a2zdistribution.staging.piment.io\/app\/uploads\/2023\/09\/ape.png 422w, https:\/\/a2zdistribution.staging.piment.io\/app\/uploads\/2023\/09\/ape-204x300.png 204w, https:\/\/a2zdistribution.staging.piment.io\/app\/uploads\/2023\/09\/ape-8x12.png 8w\" sizes=\"(max-width: 422px) 100vw, 422px\" \/>            <\/div>\n        <\/div>\n    <\/div>\n  <\/div>\n<\/section>","protected":false},"excerpt":{"rendered":"","protected":false},"author":1,"featured_media":0,"parent":0,"menu_order":0,"comment_status":"closed","ping_status":"closed","template":"","meta":[],"acf":[],"_links":{"self":[{"href":"https:\/\/a2zdistribution.staging.piment.io\/en\/wp-json\/wp\/v2\/pages\/198"}],"collection":[{"href":"https:\/\/a2zdistribution.staging.piment.io\/en\/wp-json\/wp\/v2\/pages"}],"about":[{"href":"https:\/\/a2zdistribution.staging.piment.io\/en\/wp-json\/wp\/v2\/types\/page"}],"author":[{"embeddable":true,"href":"https:\/\/a2zdistribution.staging.piment.io\/en\/wp-json\/wp\/v2\/users\/1"}],"replies":[{"embeddable":true,"href":"https:\/\/a2zdistribution.staging.piment.io\/en\/wp-json\/wp\/v2\/comments?post=198"}],"version-history":[{"count":146,"href":"https:\/\/a2zdistribution.staging.piment.io\/en\/wp-json\/wp\/v2\/pages\/198\/revisions"}],"predecessor-version":[{"id":1501,"href":"https:\/\/a2zdistribution.staging.piment.io\/en\/wp-json\/wp\/v2\/pages\/198\/revisions\/1501"}],"wp:attachment":[{"href":"https:\/\/a2zdistribution.staging.piment.io\/en\/wp-json\/wp\/v2\/media?parent=198"}],"curies":[{"name":"wp","href":"https:\/\/api.w.org\/{rel}","templated":true}]}}