{"id":1299,"date":"2023-10-19T10:06:52","date_gmt":"2023-10-19T08:06:52","guid":{"rendered":"https:\/\/a2zdistribution.staging.piment.io\/?page_id=1299"},"modified":"2024-04-26T09:47:51","modified_gmt":"2024-04-26T07:47:51","slug":"piquet-vigne","status":"publish","type":"page","link":"https:\/\/a2zdistribution.staging.piment.io\/en\/piquet-vigne\/","title":{"rendered":"Vine poles"},"content":{"rendered":"<section id=\"hero-image-block_6391c1b2b3918\" class=\"hero-image py-8 bg-secondary-cream\">\n    <div class=\"relative lg:my-24\">\n        <div class=\"container grid lg:grid-cols-2 gap-x-8 gap-y-8 items-stretch\">\n            \n<div class=\"lg:order-last\">\n  <div >\n    <!-- TAG (Optionnal) -->\n          <span class=\"h3 tracking-widest uppercase font-bold text-primary-green\">Our products<\/span>\n      \n    <!-- TITLE -->\n    <h2 class=\"mt-2.5 mb-5 font-bold text-primary-dark-green\">Vine poles<\/h2>\n    \n      <\/div>\n\n      <!-- SUBTITLE -->\n    <div class=\"p-0 text-greyscale\/700\"><p>Travaillant l&rsquo;acier depuis de nombreuses ann\u00e9es et \u00e9tant \u00e9quip\u00e9s de machines de d\u00e9coupe au laser, nous nous sommes dirig\u00e9 vers la fabrication de piquets vigne.<\/p>\n<p>En effet, nous avons \u00e9largie notre gamme vers le piquet vigne, voyant de nombreux besoins chez nos clients. C&rsquo;est en \u00e9troite collaboration avec eux, que nous avons \u00e9laborer notre piquet acier et accessoires de tension.<\/p>\n<\/div>\n    \n  <!-- CTA (Optionnal) -->\n  \n<a class=\"btn btn-arrow uppercase block w-fit mt-10 nowrap\"\nhref=\"https:\/\/a2zdistribution.staging.piment.io\/en\/estimer-un-projet\/\">\n  Estimer votre projet<\/a><\/div>            <div><\/div>\n        <\/div>\n        <div class=\"hero-image-bg relative lg:absolute w-full h-[45vh] top-0 left-0\">\n            <div class=\"w-full h-full\">\n                <img width=\"1536\" height=\"2048\" src=\"https:\/\/a2zdistribution.staging.piment.io\/app\/uploads\/2023\/11\/IMG_0081-2-1536x2048-1.jpg\" class=\"object-cover h-full w-full overflow-hidden object-center rounded-tr-xl\" alt=\"\" decoding=\"async\" loading=\"lazy\" srcset=\"https:\/\/a2zdistribution.staging.piment.io\/app\/uploads\/2023\/11\/IMG_0081-2-1536x2048-1.jpg 1536w, https:\/\/a2zdistribution.staging.piment.io\/app\/uploads\/2023\/11\/IMG_0081-2-1536x2048-1-225x300.jpg 225w, https:\/\/a2zdistribution.staging.piment.io\/app\/uploads\/2023\/11\/IMG_0081-2-1536x2048-1-768x1024.jpg 768w, https:\/\/a2zdistribution.staging.piment.io\/app\/uploads\/2023\/11\/IMG_0081-2-1536x2048-1-1152x1536.jpg 1152w, https:\/\/a2zdistribution.staging.piment.io\/app\/uploads\/2023\/11\/IMG_0081-2-1536x2048-1-9x12.jpg 9w\" sizes=\"(max-width: 1536px) 100vw, 1536px\" \/>            <\/div>\n        <\/div>\n    <\/div>\n<\/section>\n\n\n\n<section id=\"title-content-column-block_654b5648bd5ed\" class=\"title-content-column-bloc  py-12 relative bg-center bg-cover\" style=\"color:#FAFFFA; background-image: url('https:\/\/a2zdistribution.staging.piment.io\/app\/uploads\/2023\/11\/3b167e93051873e4885c8d6370d868c8.jpg')\">\n            <!-- Opacity Layer -->\n        <div class=\"absolute bg-primary-dark-green\/95 top-0 left-0 w-full h-full z-0\"><\/div>\n        <!--CONTAINER-->\n    <div class=\"container mx-auto flex flex-col\">\n\n        <!-- TITLE & SUBTITLE CONTAINER -->\n        <div class=\"flex flex-col\">\n                            <!--TITLE-->\n                <h2 class=\"text-3xl font-bold mb-5 !leading-10 z-10\" style=\"color: #FAFFFA\">Pourquoi choisir notre piquet vigne?<\/h2>\n                                        <!--SUBTITLE-->\n                <div class=\"text-base mb-5 z-10 w-full\" style=\"color: #FAFFFA\"><p>Notre piquet est un tube de forme ovale 68x45mm, d&rsquo;une \u00e9paisseur de 1,5 ou 2mm, galvanis\u00e9 sendzimir 275. Longueur \u00e0 la demande.<\/p>\n<\/div>\n                    <\/div>\n        <ul class=\"grid md:grid-cols-3 md:gap-10 z-10\">\n                            <!-- MOBILE -->\n                <li x-data=\"{ expanded: false }\"\n                    class=\"my-4 pb-0.5 border-b-2 border-current transition duration-200 select-none cursor-pointer md:hidden block\"\n                    @click=\"expanded = !expanded;\"\n                    :class=\"{'border-transparent' : expanded}\"\n                    style=\"color: #FAFFFA\"\n                >\n                    <div class=\"cursor-pointer flex justify-between items-center gap-4\">\n                        <h5 class=\"font-bold text-lg !leading-6 relative\" style=\"color: #FAFFFA\" >\n                                                    <\/h5>\n                        <svg class=\"duration-300 transform min-w-[14px]\" width=\"14\" height=\"14\"\n                             :class=\"{'rotate-45' : expanded}\"\n                             viewbox=\"0 0 14 14\" fill=\"none\" xmlns=\"http:\/\/www.w3.org\/2000\/svg\"\n                             style=\"color: #FAFFFA\"\n                        >\n                            <path d=\"M13 5.5H8.5V1C8.5 0.46875 8.03125 0 7.5 0H6.5C5.9375 0 5.5 0.46875 5.5 1V5.5H1C0.4375 5.5 0 5.96875 0 6.5V7.5C0 8.0625 0.4375 8.5 1 8.5H5.5V13C5.5 13.5625 5.9375 14 6.5 14H7.5C8.03125 14 8.5 13.5625 8.5 13V8.5H13C13.5312 8.5 14 8.0625 14 7.5V6.5C14 5.96875 13.5312 5.5 13 5.5Z\"\n                                  fill=\"currentColor\"\/>\n                        <\/svg>\n                    <\/div>\n                    <div x-show=\"expanded\" x-collapse.duration.300ms>\n                        <div class=\"mt-2\" style=\"color: #FAFFFA\">\n                                                    <\/div>\n                    <\/div>\n                <\/li>\n\n                <!-- DESKTOP -->\n                <div class=\"flex flex-col hidden md:block\">\n                                        \n                <\/div>\n                            <!-- MOBILE -->\n                <li x-data=\"{ expanded: false }\"\n                    class=\"my-4 pb-0.5 border-b-2 border-current transition duration-200 select-none cursor-pointer md:hidden block\"\n                    @click=\"expanded = !expanded;\"\n                    :class=\"{'border-transparent' : expanded}\"\n                    style=\"color: #FAFFFA\"\n                >\n                    <div class=\"cursor-pointer flex justify-between items-center gap-4\">\n                        <h5 class=\"font-bold text-lg !leading-6 relative\" style=\"color: #FAFFFA\" >\n                                                    <\/h5>\n                        <svg class=\"duration-300 transform min-w-[14px]\" width=\"14\" height=\"14\"\n                             :class=\"{'rotate-45' : expanded}\"\n                             viewbox=\"0 0 14 14\" fill=\"none\" xmlns=\"http:\/\/www.w3.org\/2000\/svg\"\n                             style=\"color: #FAFFFA\"\n                        >\n                            <path d=\"M13 5.5H8.5V1C8.5 0.46875 8.03125 0 7.5 0H6.5C5.9375 0 5.5 0.46875 5.5 1V5.5H1C0.4375 5.5 0 5.96875 0 6.5V7.5C0 8.0625 0.4375 8.5 1 8.5H5.5V13C5.5 13.5625 5.9375 14 6.5 14H7.5C8.03125 14 8.5 13.5625 8.5 13V8.5H13C13.5312 8.5 14 8.0625 14 7.5V6.5C14 5.96875 13.5312 5.5 13 5.5Z\"\n                                  fill=\"currentColor\"\/>\n                        <\/svg>\n                    <\/div>\n                    <div x-show=\"expanded\" x-collapse.duration.300ms>\n                        <div class=\"mt-2\" style=\"color: #FAFFFA\">\n                                                    <\/div>\n                    <\/div>\n                <\/li>\n\n                <!-- DESKTOP -->\n                <div class=\"flex flex-col hidden md:block\">\n                                        \n                <\/div>\n                            <!-- MOBILE -->\n                <li x-data=\"{ expanded: false }\"\n                    class=\"my-4 pb-0.5 border-b-2 border-current transition duration-200 select-none cursor-pointer md:hidden block\"\n                    @click=\"expanded = !expanded;\"\n                    :class=\"{'border-transparent' : expanded}\"\n                    style=\"color: #FAFFFA\"\n                >\n                    <div class=\"cursor-pointer flex justify-between items-center gap-4\">\n                        <h5 class=\"font-bold text-lg !leading-6 relative\" style=\"color: #FAFFFA\" >\n                                                    <\/h5>\n                        <svg class=\"duration-300 transform min-w-[14px]\" width=\"14\" height=\"14\"\n                             :class=\"{'rotate-45' : expanded}\"\n                             viewbox=\"0 0 14 14\" fill=\"none\" xmlns=\"http:\/\/www.w3.org\/2000\/svg\"\n                             style=\"color: #FAFFFA\"\n                        >\n                            <path d=\"M13 5.5H8.5V1C8.5 0.46875 8.03125 0 7.5 0H6.5C5.9375 0 5.5 0.46875 5.5 1V5.5H1C0.4375 5.5 0 5.96875 0 6.5V7.5C0 8.0625 0.4375 8.5 1 8.5H5.5V13C5.5 13.5625 5.9375 14 6.5 14H7.5C8.03125 14 8.5 13.5625 8.5 13V8.5H13C13.5312 8.5 14 8.0625 14 7.5V6.5C14 5.96875 13.5312 5.5 13 5.5Z\"\n                                  fill=\"currentColor\"\/>\n                        <\/svg>\n                    <\/div>\n                    <div x-show=\"expanded\" x-collapse.duration.300ms>\n                        <div class=\"mt-2\" style=\"color: #FAFFFA\">\n                                                    <\/div>\n                    <\/div>\n                <\/li>\n\n                <!-- DESKTOP -->\n                <div class=\"flex flex-col hidden md:block\">\n                                        \n                <\/div>\n                    <\/ul>\n\n    <\/div>\n<\/section>\n\n\n\n<section id=\"cta-block_6391c249b3925\" class=\"cta-bloc text-greyscale\/0 container mx-auto py-12\">\n    <!--CONTAINER CTA-->\n    <div class=\"flex flex-col items-start md:items-center relative rounded-lg bg-center bg-cover p-11 overflow-hidden\" style=\"background-image: url('')\">\n        <!-- Opacity Layer -->\n        <div class=\"absolute bg-primary-dark-green\/80 top-0 left-0 w-full h-full z-0\"><\/div>\n                    <!--TITLE-->\n            <h2 class=\"md:text-3xl !leading-10 font-bold mb-5 z-10\">Vous avez un projet de structure de palissage ? <\/h2>\n                            <!--SUBTITLE-->\n            <div class=\"text-lg mb-5 z-10 text-left md:text-center w-full md:w-3\/4\"><p>Contactez-nous. Notre \u00e9quipe se fera un plaisir de vous accompagner dans votre projet en vous apportant son savoir-faire.<\/p>\n<\/div>\n                <!--CTA-->\n        \n<a class=\"btn btn-arrow z-10 uppercase w-fit bg-primary-clear-green nowrap\"\nhref=\"https:\/\/a2zdistribution.staging.piment.io\/en\/estimer-un-projet\/\">\n  Estimer un projet<\/a>    <\/div>\n<\/section>","protected":false},"excerpt":{"rendered":"","protected":false},"author":1,"featured_media":859,"parent":0,"menu_order":0,"comment_status":"closed","ping_status":"closed","template":"","meta":[],"acf":[],"_links":{"self":[{"href":"https:\/\/a2zdistribution.staging.piment.io\/en\/wp-json\/wp\/v2\/pages\/1299"}],"collection":[{"href":"https:\/\/a2zdistribution.staging.piment.io\/en\/wp-json\/wp\/v2\/pages"}],"about":[{"href":"https:\/\/a2zdistribution.staging.piment.io\/en\/wp-json\/wp\/v2\/types\/page"}],"author":[{"embeddable":true,"href":"https:\/\/a2zdistribution.staging.piment.io\/en\/wp-json\/wp\/v2\/users\/1"}],"replies":[{"embeddable":true,"href":"https:\/\/a2zdistribution.staging.piment.io\/en\/wp-json\/wp\/v2\/comments?post=1299"}],"version-history":[{"count":23,"href":"https:\/\/a2zdistribution.staging.piment.io\/en\/wp-json\/wp\/v2\/pages\/1299\/revisions"}],"predecessor-version":[{"id":1484,"href":"https:\/\/a2zdistribution.staging.piment.io\/en\/wp-json\/wp\/v2\/pages\/1299\/revisions\/1484"}],"wp:featuredmedia":[{"embeddable":true,"href":"https:\/\/a2zdistribution.staging.piment.io\/en\/wp-json\/wp\/v2\/media\/859"}],"wp:attachment":[{"href":"https:\/\/a2zdistribution.staging.piment.io\/en\/wp-json\/wp\/v2\/media?parent=1299"}],"curies":[{"name":"wp","href":"https:\/\/api.w.org\/{rel}","templated":true}]}}